{"id":16,"date":"2015-11-28T16:47:16","date_gmt":"2015-11-28T16:47:16","guid":{"rendered":"http:\/\/tauchsport-albinger.de\/?page_id=16"},"modified":"2017-12-01T09:30:57","modified_gmt":"2017-12-01T08:30:57","slug":"schulungsunterlagen-download","status":"publish","type":"page","link":"https:\/\/divevision.albinger.de\/?page_id=16","title":{"rendered":"Schulungsunterlagen Download"},"content":{"rendered":"<p>Kursunterlagen f\u00fcr OWD-Taucher (Beginner)<br \/>\n<a  data-e-Disable-Page-Transition=\"true\" class=\"download-link\" title=\"\" href=\"https:\/\/divevision.albinger.de?download=208&amp;tmstv=1777980687\" rel=\"nofollow\" id=\"download-link-208\" data-redirect=\"false\" >\n\tUnterricht Tauchausr\u00fcstung\t(13 Downloads\t)\n<\/a>\n<\/p>\n<p>Kursunterlagen HLW \/ AED \/ O2<br \/>\n<a  data-e-Disable-Page-Transition=\"true\" class=\"download-link\" title=\"\" href=\"https:\/\/divevision.albinger.de?download=205&amp;tmstv=1777980687\" rel=\"nofollow\" id=\"download-link-205\" data-redirect=\"false\" >\n\tHLW-Aktionsplan\t(6 Downloads\t)\n<\/a>\n<br \/>\n<a  data-e-Disable-Page-Transition=\"true\" class=\"download-link\" title=\"\" href=\"https:\/\/divevision.albinger.de?download=512&amp;tmstv=1777980687\" rel=\"nofollow\" id=\"download-link-512\" data-redirect=\"false\" >\n\tDAN Neurocheck\t(7 Downloads\t)\n<\/a>\n<br \/>\n<a  data-e-Disable-Page-Transition=\"true\" class=\"download-link\" title=\"\" href=\"https:\/\/divevision.albinger.de?download=516&amp;tmstv=1777980687\" rel=\"nofollow\" id=\"download-link-516\" data-redirect=\"false\" >\n\tHLW Ab\u00fcrzungen\t(6 Downloads\t)\n<\/a>\n<br \/>\n<a  data-e-Disable-Page-Transition=\"true\" class=\"download-link\" title=\"\" href=\"https:\/\/divevision.albinger.de?download=519&amp;tmstv=1777980687\" rel=\"nofollow\" id=\"download-link-519\" data-redirect=\"false\" >\n\tZusammensetzung Luft\t(4 Downloads\t)\n<\/a>\n<br \/>\n<a  data-e-Disable-Page-Transition=\"true\" class=\"download-link\" title=\"\" href=\"https:\/\/divevision.albinger.de?download=522&amp;tmstv=1777980687\" rel=\"nofollow\" id=\"download-link-522\" data-redirect=\"false\" >\n\tZauberstoff Sauerstoff Teil-1\t(4 Downloads\t)\n<\/a>\n<br \/>\n<a  data-e-Disable-Page-Transition=\"true\" class=\"download-link\" title=\"\" href=\"https:\/\/divevision.albinger.de?download=526&amp;tmstv=1777980687\" rel=\"nofollow\" id=\"download-link-526\" data-redirect=\"false\" >\n\tZauberstoff Sauerstoff Teil-2\t(3 Downloads\t)\n<\/a>\n<\/p>\n<p>Kursunterlagen f\u00fcr AOWD-CMAS*** Taucher (Fortgeschrittene)<br \/>\n<a  data-e-Disable-Page-Transition=\"true\" class=\"download-link\" title=\"\" href=\"https:\/\/divevision.albinger.de?download=226&amp;tmstv=1777980687\" rel=\"nofollow\" id=\"download-link-226\" data-redirect=\"false\" >\n\tIAC Austauchtabelle\t(3 Downloads\t)\n<\/a>\n<br \/>\n<a  data-e-Disable-Page-Transition=\"true\" class=\"download-link\" title=\"\" href=\"https:\/\/divevision.albinger.de?download=229&amp;tmstv=1777980687\" rel=\"nofollow\" id=\"download-link-229\" data-redirect=\"false\" >\n\tKurs \u00c4u\u00dfere Atmung\t(7 Downloads\t)\n<\/a>\n<br \/>\n<a  data-e-Disable-Page-Transition=\"true\" class=\"download-link\" title=\"\" href=\"https:\/\/divevision.albinger.de?download=652&amp;tmstv=1777980687\" rel=\"nofollow\" id=\"download-link-652\" data-redirect=\"false\" >\n\tTauchzeiten Begriffsbestimmung\t(4 Downloads\t)\n<\/a>\n<br \/>\n<a  data-e-Disable-Page-Transition=\"true\" class=\"download-link\" title=\"\" href=\"https:\/\/divevision.albinger.de?download=674&amp;tmstv=1777980687\" rel=\"nofollow\" id=\"download-link-674\" data-redirect=\"false\" >\n\tGruppenf\u00fchrung\t(6 Downloads\t)\n<\/a>\n<\/p>\n<p>Kursunterlagen f\u00fcr Nitrox-Basic Taucher<br \/>\n<a  data-e-Disable-Page-Transition=\"true\" class=\"download-link\" title=\"\" href=\"https:\/\/divevision.albinger.de?download=232&amp;tmstv=1777980687\" rel=\"nofollow\" id=\"download-link-232\" data-redirect=\"false\" >\n\tKurs Nitrox Basic\t(17 Downloads\t)\n<\/a>\n<br \/>\n<a  data-e-Disable-Page-Transition=\"true\" class=\"download-link\" title=\"\" href=\"https:\/\/divevision.albinger.de?download=211&amp;tmstv=1777980687\" rel=\"nofollow\" id=\"download-link-211\" data-redirect=\"false\" >\n\tMOD \/ MOP Tabelle\t(9 Downloads\t)\n<\/a>\n<br \/>\n<a  data-e-Disable-Page-Transition=\"true\" class=\"download-link\" title=\"\" href=\"https:\/\/divevision.albinger.de?download=214&amp;tmstv=1777980687\" rel=\"nofollow\" id=\"download-link-214\" data-redirect=\"false\" >\n\tCNS Tabelle\t(9 Downloads\t)\n<\/a>\n<br \/>\n<a  data-e-Disable-Page-Transition=\"true\" class=\"download-link\" title=\"\" href=\"https:\/\/divevision.albinger.de?download=223&amp;tmstv=1777980687\" rel=\"nofollow\" id=\"download-link-223\" data-redirect=\"false\" >\n\tEAD Visualisierung\t(7 Downloads\t)\n<\/a>\n<\/p>\n<p>Kursunterlagen f\u00fcr TEC-Taucher<br \/>\n<a  data-e-Disable-Page-Transition=\"true\" class=\"download-link\" title=\"\" href=\"https:\/\/divevision.albinger.de?download=202&amp;tmstv=1777980687\" rel=\"nofollow\" id=\"download-link-202\" data-redirect=\"false\" >\n\tTEC-Ausr\u00fcstung\t(5839 Downloads\t)\n<\/a>\n<br \/>\n<a  data-e-Disable-Page-Transition=\"true\" class=\"download-link\" title=\"\" href=\"https:\/\/divevision.albinger.de?download=235&amp;tmstv=1777980687\" rel=\"nofollow\" id=\"download-link-235\" data-redirect=\"false\" >\n\tKurs TEC-Advanced\t(12 Downloads\t)\n<\/a>\n<br \/>\n<a  data-e-Disable-Page-Transition=\"true\" class=\"download-link\" title=\"\" href=\"https:\/\/divevision.albinger.de?download=217&amp;tmstv=1777980687\" rel=\"nofollow\" id=\"download-link-217\" data-redirect=\"false\" >\n\tOTU Max Tabelle\t(10 Downloads\t)\n<\/a>\n<br \/>\n<a  data-e-Disable-Page-Transition=\"true\" class=\"download-link\" title=\"\" href=\"https:\/\/divevision.albinger.de?download=220&amp;tmstv=1777980687\" rel=\"nofollow\" id=\"download-link-220\" data-redirect=\"false\" >\n\tOTU \/ min Tabelle\t(5 Downloads\t)\n<\/a>\n<\/p>\n<p>Kursunterlagen f\u00fcr Trimix-Taucher<br \/>\n<a  data-e-Disable-Page-Transition=\"true\" class=\"download-link\" title=\"\" href=\"https:\/\/divevision.albinger.de?download=624&amp;tmstv=1777980687\" rel=\"nofollow\" id=\"download-link-624\" data-redirect=\"false\" >\n\tNormoxid \u00dcbungen\t(18 Downloads\t)\n<\/a>\n<br \/>\n<a  data-e-Disable-Page-Transition=\"true\" class=\"download-link\" title=\"\" href=\"https:\/\/divevision.albinger.de?download=627&amp;tmstv=1777980687\" rel=\"nofollow\" id=\"download-link-627\" data-redirect=\"false\" >\n\tKursunterlagen Normoxid\t(14 Downloads\t)\n<\/a>\n<\/p>\n","protected":false},"excerpt":{"rendered":"<p>Kursunterlagen f\u00fcr OWD-Taucher (Beginner) Kursunterlagen HLW \/ AED \/ O2 Kursunterlagen f\u00fcr AOWD-CMAS*** Taucher (Fortgeschrittene) Kursunterlagen f\u00fcr Nitrox-Basic Taucher Kursunterlagen f\u00fcr TEC-Taucher Kursunterlagen f\u00fcr Trimix-Taucher<\/p>\n","protected":false},"author":1,"featured_media":0,"parent":478,"menu_order":0,"comment_status":"closed","ping_status":"closed","template":"","meta":{"footnotes":""},"class_list":["post-16","page","type-page","status-publish","hentry"],"_links":{"self":[{"href":"https:\/\/divevision.albinger.de\/index.php?rest_route=\/wp\/v2\/pages\/16","targetHints":{"allow":["GET"]}}],"collection":[{"href":"https:\/\/divevision.albinger.de\/index.php?rest_route=\/wp\/v2\/pages"}],"about":[{"href":"https:\/\/divevision.albinger.de\/index.php?rest_route=\/wp\/v2\/types\/page"}],"author":[{"embeddable":true,"href":"https:\/\/divevision.albinger.de\/index.php?rest_route=\/wp\/v2\/users\/1"}],"replies":[{"embeddable":true,"href":"https:\/\/divevision.albinger.de\/index.php?rest_route=%2Fwp%2Fv2%2Fcomments&post=16"}],"version-history":[{"count":7,"href":"https:\/\/divevision.albinger.de\/index.php?rest_route=\/wp\/v2\/pages\/16\/revisions"}],"predecessor-version":[{"id":682,"href":"https:\/\/divevision.albinger.de\/index.php?rest_route=\/wp\/v2\/pages\/16\/revisions\/682"}],"up":[{"embeddable":true,"href":"https:\/\/divevision.albinger.de\/index.php?rest_route=\/wp\/v2\/pages\/478"}],"wp:attachment":[{"href":"https:\/\/divevision.albinger.de\/index.php?rest_route=%2Fwp%2Fv2%2Fmedia&parent=16"}],"curies":[{"name":"wp","href":"https:\/\/api.w.org\/{rel}","templated":true}]}}