{"id":22,"date":"2015-11-28T16:49:53","date_gmt":"2015-11-28T16:49:53","guid":{"rendered":"http:\/\/tauchsport-albinger.de\/?page_id=22"},"modified":"2015-11-28T16:49:53","modified_gmt":"2015-11-28T16:49:53","slug":"walchensee","status":"publish","type":"page","link":"https:\/\/divevision.albinger.de\/?page_id=22","title":{"rendered":"Walchensee"},"content":{"rendered":"<div id=\"c366\" class=\"csc-default\">\n<p>Der Walchensee liegt zwischen M\u00fcnchen und Mittenwald, eingebettet in eine herrliche Gebirgslandschaft auf einer H\u00f6he von 803 m (Deko Bergsee), ist 198 m tief, 7 km lang, 4 km breit und hat eine Wasseroberfl\u00e4che von mehr als 16 qkm. Die meisten Tauchpl\u00e4tze liegen in unmittelbarer N\u00e4he von \u00f6ffentlichen Parkpl\u00e4tzen. Von 15. Oktober bis 1. Februar gelten regionale Tauchverbote, Nachttauchen ist ganzj\u00e4hrig nur ab einer Stunde vor Sonnenaufgang und bis eine Stunde nach Einbruch der Dunkelheit erlaubt.<\/p>\n<p>Das Wasser hat Trinkwasserqualit\u00e4t, die st\u00e4ndig \u00fcberwacht wird. Sichtweiten von 10 &#8211; 15 m sind normal, k\u00f6nnen aber selbstverst\u00e4ndlich je nach Jahreszeit und Wettergegebenheiten im Hochgebirge variieren. Die fast \u00fcberall zug\u00e4nglichen Ufer bieten \u00fcber und unter Wasser s\u00e4mtliche Varianten vom flach abfallenden Sandstrand \u00fcber Pflanzenregionen bis zu felsigen Steilw\u00e4nden, Ger\u00f6llhalden, Abbruchkanten und \u00dcberh\u00e4ngen. Der Fischreichtum ist \u00fcber die Grenzen des Landes weithin bekannt mit Seeforellen, Saiblingen, Hechten, Renken, Barschen, Aalrutten, Koppen, etc.<\/p>\n<p>Am s\u00fcdlichsten Punkt des Sees liegt <a class=\"external-link-new-window\" href=\"http:\/\/www.tauchbasis-walchensee.de\/\" target=\"_blank\">Michi`s Tauchbasis<\/a> auf dem Gel\u00e4nde des Seehotels Einsiedl, zu dem auch ein Badestrand mit Steg und Liegewiese, Bootsliegepl\u00e4tze, Ruder- und Segelbootverleih und ein Fahrrad-, Kajak- und Kanuverleih mit Surfschule geh\u00f6ren. Michael Hell hat die Basis von Tom \u00fcbernommen und neu renoviert. Mann kann sich Ausr\u00fcstungen leihen, bekommt Luft, und Tipps, wo die besten Tauchpl\u00e4tze sind.<\/p>\n<\/div>\n<div id=\"c365\" class=\"csc-default\">\n<h1>Ausr\u00fcstung<\/h1>\n<p>Geeigneter K\u00e4lteschutz, kaltwassertaugliche Automaten, 2 getrennte 1.+2. Stufen sowie Lampen sind obligatorisch.<\/p>\n<p>Deko Bergsee 800 m \u00fc. NN !!<br \/>\n* = f\u00fcr alle Brevetstufen geeignet<br \/>\n* * = f\u00fcr Anf\u00e4nger mit Vorsicht zu genie\u00dfen<br \/>\n* * * = f\u00fcr Fortgeschrittene mit Vorsicht zu genie\u00dfen<br \/>\n&#8222;m&#8220;-Angabe hinter Tauchplatzbezeichnung = empfohlene Tauchtiefe<br \/>\nTiefenangaben je nach Jahreszeit bis zu 5 m abweichend<\/p>\n<p>&gt; &lt; = Tauchrichtung (vom Ufer aus)<\/p>\n<\/div>\n<div id=\"c364\" class=\"csc-default\">\n<h1>Tauchspots:<\/h1>\n<p><a class=\"external-link-new-window\" href=\"http:\/\/www.tauchbasis-walchensee.de\/tauchpl\/2.htm\" target=\"_blank\">1) * Einsiedlbucht: &#8211; 20 m<\/a><br \/>\n<a class=\"external-link-new-window\" href=\"http:\/\/www.tauchbasis-walchensee.de\/tauchpl\/2.htm\" target=\"_blank\">2) * Katzeninsel: &#8211; 20 m<\/a><br \/>\n<a class=\"external-link-new-window\" href=\"http:\/\/www.tauchbasis-walchensee.de\/tauchpl\/3.htm\" target=\"_blank\">3) ** Hackl: VW-K\u00e4fer auf 15 m <\/a><br \/>\n<a class=\"external-link-new-window\" href=\"http:\/\/www.tauchbasis-walchensee.de\/tauchpl\/4.htm\" target=\"_blank\">4) ** Steinbruch: &#8211; 40 m<\/a><br \/>\n<a class=\"external-link-new-window\" href=\"http:\/\/www.tauchbasis-walchensee.de\/tauchpl\/5.htm\" target=\"_blank\">5) *** Fleckerlspitz: &#8211; 40 m<\/a><br \/>\n<a class=\"external-link-new-window\" href=\"http:\/\/tauchbasis-walchensee.de\/tauchpl\/6.htm\" target=\"_blank\">6) *** Pioniertafel: &#8211; 40 m <\/a><br \/>\n<a class=\"external-link-new-window\" href=\"http:\/\/www.tauchbasis-walchensee.de\/tauchpl\/7.htm\" target=\"_blank\">7) ** Urfeld Bootssteg: &#8211; 30<\/a><br \/>\n<a class=\"external-link-new-window\" href=\"http:\/\/www.tauchbasis-walchensee.de\/tauchpl\/8.htm\" target=\"_blank\">8) *** Galerie (Steilwand): &#8211; 40 m<\/a><br \/>\n<a class=\"external-link-new-window\" href=\"http:\/\/www.tauchbasis-walchensee.de\/tauchpl\/9.htm\" target=\"_blank\">9) ** Galerie dazwischen: &#8211; 20 m<\/a><br \/>\n<a class=\"external-link-new-window\" href=\"http:\/\/www.tauchbasis-walchensee.de\/tauchpl\/10.htm\" target=\"_blank\">10) * Herzogstand: &#8211; 30 m<\/a><br \/>\n<a class=\"external-link-new-window\" href=\"http:\/\/www.tauchbasis-walchensee.de\/tauchpl\/11.htm\" target=\"_blank\">11) ** Post: &#8211; 20 m<\/a><br \/>\n<a class=\"external-link-new-window\" href=\"http:\/\/www.tauchbasis-walchensee.de\/tauchpl\/12.htm\" target=\"_blank\">12) * Walchenseebucht: &#8211; 15 m <\/a><br \/>\n<a class=\"external-link-new-window\" href=\"http:\/\/www.tauchbasis-walchensee.de\/tauchpl\/13.htm\" target=\"_blank\">13) * Lobisau: &#8211; 15 m <\/a><\/p>\n<p><a href=\"https:\/\/divevision.albinger.de\/wp-content\/uploads\/2015\/11\/Walchensee.gif\"><img loading=\"lazy\" decoding=\"async\" class=\"alignnone size-medium wp-image-341\" src=\"https:\/\/divevision.albinger.de\/wp-content\/uploads\/2015\/11\/Walchensee-300x262.gif\" alt=\"Walchensee\" width=\"300\" height=\"262\" \/><\/a><br \/>\nQuelle: <a href=\"http:\/\/www.tauchbasis-walchensee.de\/\" target=\"_blank\">Tauchbasis Walchensee (Michi`s Tauchbasis)<\/a><\/p>\n<\/div>\n","protected":false},"excerpt":{"rendered":"<p>Der Walchensee liegt zwischen M\u00fcnchen und Mittenwald, eingebettet in eine herrliche Gebirgslandschaft auf einer H\u00f6he von 803 m (Deko Bergsee), ist 198 m tief, 7 km lang, 4 km breit und hat eine Wasseroberfl\u00e4che von mehr als 16 qkm. Die <a class=\"more-link\" href=\"https:\/\/divevision.albinger.de\/?page_id=22\">Weiterlesen\u00a0\u2026<\/a><\/p>\n","protected":false},"author":1,"featured_media":0,"parent":10,"menu_order":0,"comment_status":"closed","ping_status":"closed","template":"","meta":{"footnotes":""},"class_list":["post-22","page","type-page","status-publish","hentry"],"_links":{"self":[{"href":"https:\/\/divevision.albinger.de\/index.php?rest_route=\/wp\/v2\/pages\/22","targetHints":{"allow":["GET"]}}],"collection":[{"href":"https:\/\/divevision.albinger.de\/index.php?rest_route=\/wp\/v2\/pages"}],"about":[{"href":"https:\/\/divevision.albinger.de\/index.php?rest_route=\/wp\/v2\/types\/page"}],"author":[{"embeddable":true,"href":"https:\/\/divevision.albinger.de\/index.php?rest_route=\/wp\/v2\/users\/1"}],"replies":[{"embeddable":true,"href":"https:\/\/divevision.albinger.de\/index.php?rest_route=%2Fwp%2Fv2%2Fcomments&post=22"}],"version-history":[{"count":0,"href":"https:\/\/divevision.albinger.de\/index.php?rest_route=\/wp\/v2\/pages\/22\/revisions"}],"up":[{"embeddable":true,"href":"https:\/\/divevision.albinger.de\/index.php?rest_route=\/wp\/v2\/pages\/10"}],"wp:attachment":[{"href":"https:\/\/divevision.albinger.de\/index.php?rest_route=%2Fwp%2Fv2%2Fmedia&parent=22"}],"curies":[{"name":"wp","href":"https:\/\/api.w.org\/{rel}","templated":true}]}}