{"id":24,"date":"2015-11-28T16:51:01","date_gmt":"2015-11-28T16:51:01","guid":{"rendered":"http:\/\/tauchsport-albinger.de\/?page_id=24"},"modified":"2015-11-28T16:51:01","modified_gmt":"2015-11-28T16:51:01","slug":"urisee-tirol","status":"publish","type":"page","link":"https:\/\/divevision.albinger.de\/?page_id=24","title":{"rendered":"Urisee \/ Tirol"},"content":{"rendered":"<p><a href=\"https:\/\/divevision.albinger.de\/wp-content\/uploads\/2015\/11\/Totale2-Urisee.jpg\"><img loading=\"lazy\" decoding=\"async\" class=\"alignnone size-medium wp-image-336\" src=\"https:\/\/divevision.albinger.de\/wp-content\/uploads\/2015\/11\/Totale2-Urisee-225x300.jpg\" alt=\"Totale2-Urisee\" width=\"225\" height=\"300\" \/><\/a><\/p>\n<p>Er liegt auf 930m H\u00f6he \u00fcber n.N. direkt an der Fernpassbundestrasse B314 bei Reute\/Tirol.<\/p>\n<p>Allerdings muss man um an den See zu gelangen schon vor Reute rechts von der B314 abbiegen und \u00fcber Pflach fahren, da von der Bundesstra\u00dfe eine Ausfahrt zum Urisee nicht m\u00f6glich ist.<\/p>\n<p>Am Urisee ist das Tauchen auf maximal 50 Taucher begrenzt. Tauchgenehmigungen erh\u00e4lt man im Sporthotel Urisee f\u00fcr 9.-?. Bei schlechtem Wetter, oder K\u00e4lte kann man sich direkt in der Tauchbasis umziehen, ansonsten kann man sich auf dem Parklatz aufr\u00f6deln und man l\u00e4uft dann zu Fu\u00df zu den entsprechenden Einstiegstellen. Ein bisschen Sportlichkeit ist hier schon gefragt.<\/p>\n<p>Am See haben sich vier Einstiege herausgebildet, wobei zwei als kurze Wege zu den Ausbildungsplattformen f\u00fchren, ein Weg f\u00fchrt am S\u00fcdostufer an die kleine Steilwand und ein weiterer im Nordwesten direkt gegen\u00fcber der Plattform zum &#8222;Michl?. Das ist eine im Tiroler Stil geschnitzte Holzfigur, die mit m\u00e4chtigem Wurzelwerk in 9 Metern Tiefe im See steht und unbedarften Taucher schon einen Schauer \u00fcber den R\u00fccken jagen kann. Wenn kein Badebetrieb ist, kann man auch den Seezugang an der Badeanstalt nutzen und dort die versunkenen Uferbefestigungen und die alte Badetreppe erforschen. Wer an den Plattformen einsteigt und in den hinteren Bereich tauchen m\u00f6chte, muss etwas aufpassen, da der See durch die Urifalle (ein Damm, der auf 4-6m Tiefe aufsteigt und quer durch die Seemitte f\u00fchrt) in zwei Bereiche unterteilt wird. Am besten mit Kompass, oder nicht tiefer als ca. 4m Tiefe tauchen. Vorne ist der See ca. 23m tief, die Plattformen befinden sich auf 5, 10 und 20m tiefe.<\/p>\n<p>Hinten hat der See eine maximale Tiefe von 36m. Hier kann man an der kleinen Steilwand entlang tauchen und das hintere Becken komplett umrunden.<\/p>\n<p><a href=\"https:\/\/divevision.albinger.de\/wp-content\/uploads\/2015\/11\/Urisee-Anfahrt.gif\"><img loading=\"lazy\" decoding=\"async\" class=\"alignnone size-medium wp-image-337\" src=\"https:\/\/divevision.albinger.de\/wp-content\/uploads\/2015\/11\/Urisee-Anfahrt-300x232.gif\" alt=\"Urisee-Anfahrt\" width=\"300\" height=\"232\" \/><\/a><\/p>\n<p><a href=\"https:\/\/divevision.albinger.de\/wp-content\/uploads\/2015\/11\/Urisee.jpg\"><img loading=\"lazy\" decoding=\"async\" class=\"alignnone size-medium wp-image-338\" src=\"https:\/\/divevision.albinger.de\/wp-content\/uploads\/2015\/11\/Urisee-300x217.jpg\" alt=\"Urisee\" width=\"300\" height=\"217\" \/><\/a><\/p>\n<div id=\"c389\" class=\"csc-default\">\n<div class=\"csc-textpic csc-textpic-center csc-textpic-above\">\n<div class=\"csc-textpic-text\">\n<p>Quelle: Sporthotel Urisee<\/p>\n<\/div>\n<\/div>\n<\/div>\n<div id=\"c388\" class=\"csc-default\">\n<h2>Kontakt<\/h2>\n<div class=\"csc-textpic csc-textpic-center csc-textpic-below\">\n<div class=\"csc-textpic-text\">\n<p><b>Sporthotel Urisee<br \/>\nBrigitte &amp; Peter Kuzmiak<br \/>\nA-6600 Reutte\/Tirol<br \/>\nTel. 00435672\/62301<br \/>\nFax &#8230;\/623014 ?<\/b><\/p>\n<p><b><a href=\"http:\/\/www.urisee.at\/\" target=\"_blank\">www.urisee.at<\/a><\/b><br \/>\n<a href=\"https:\/\/divevision.albinger.de\/wp-content\/uploads\/2015\/11\/Urisee-Hotel.jpg\"><img loading=\"lazy\" decoding=\"async\" class=\"alignnone size-full wp-image-339\" src=\"https:\/\/divevision.albinger.de\/wp-content\/uploads\/2015\/11\/Urisee-Hotel.jpg\" alt=\"Urisee-Hotel\" width=\"255\" height=\"235\" \/><\/a><\/p>\n<\/div>\n<\/div>\n<\/div>\n","protected":false},"excerpt":{"rendered":"<p>Er liegt auf 930m H\u00f6he \u00fcber n.N. direkt an der Fernpassbundestrasse B314 bei Reute\/Tirol. Allerdings muss man um an den See zu gelangen schon vor Reute rechts von der B314 abbiegen und \u00fcber Pflach fahren, da von der Bundesstra\u00dfe eine <a class=\"more-link\" href=\"https:\/\/divevision.albinger.de\/?page_id=24\">Weiterlesen\u00a0\u2026<\/a><\/p>\n","protected":false},"author":1,"featured_media":0,"parent":10,"menu_order":0,"comment_status":"closed","ping_status":"closed","template":"","meta":{"footnotes":""},"class_list":["post-24","page","type-page","status-publish","hentry"],"_links":{"self":[{"href":"https:\/\/divevision.albinger.de\/index.php?rest_route=\/wp\/v2\/pages\/24","targetHints":{"allow":["GET"]}}],"collection":[{"href":"https:\/\/divevision.albinger.de\/index.php?rest_route=\/wp\/v2\/pages"}],"about":[{"href":"https:\/\/divevision.albinger.de\/index.php?rest_route=\/wp\/v2\/types\/page"}],"author":[{"embeddable":true,"href":"https:\/\/divevision.albinger.de\/index.php?rest_route=\/wp\/v2\/users\/1"}],"replies":[{"embeddable":true,"href":"https:\/\/divevision.albinger.de\/index.php?rest_route=%2Fwp%2Fv2%2Fcomments&post=24"}],"version-history":[{"count":0,"href":"https:\/\/divevision.albinger.de\/index.php?rest_route=\/wp\/v2\/pages\/24\/revisions"}],"up":[{"embeddable":true,"href":"https:\/\/divevision.albinger.de\/index.php?rest_route=\/wp\/v2\/pages\/10"}],"wp:attachment":[{"href":"https:\/\/divevision.albinger.de\/index.php?rest_route=%2Fwp%2Fv2%2Fmedia&parent=24"}],"curies":[{"name":"wp","href":"https:\/\/api.w.org\/{rel}","templated":true}]}}