{"id":28,"date":"2015-11-28T16:52:41","date_gmt":"2015-11-28T16:52:41","guid":{"rendered":"http:\/\/tauchsport-albinger.de\/?page_id=28"},"modified":"2015-11-28T16:52:41","modified_gmt":"2015-11-28T16:52:41","slug":"blindsee-tirol","status":"publish","type":"page","link":"https:\/\/divevision.albinger.de\/?page_id=28","title":{"rendered":"Blindsee \/ Tirol"},"content":{"rendered":"<p>Der Blindsee ist ein Bergsee auf 1093m H\u00f6he \u00fcber n.N. Er liegt zwischen Reute und Innsbruck direkt an der Fernpassbundesstra\u00dfe 314. Von Deutschland kommend ca. 2km nach dem Fernpasstunnel biegt man rechts in eine kleine Stra\u00dfe ein. Dort befindet sich eine Schranke, wo eine Mautstra\u00dfe hinab zum Parkplatz am Blindsee f\u00fchrt. Da der Blindsee ein Privatsee ist, darf dort nur nach Erhalt einer Tauchgenehmigung von 8 bis 18 Uhr getaucht werden. Im Hotel Mohr in Leermoos kann man diese f\u00fcr 12,50?\/ Tag erhalten. F\u00fcr Hotelg\u00e4ste ist die Genehmigung frei und Sie d\u00fcrfen auch nachts tauchen.<br \/>\nFlaschenf\u00fcllen ist am See nicht erlaubt, F\u00fcllm\u00f6glichkeiten bestehen im Hotel Mohr. Beachtet bitte, das nur zu bestimmten Zeiten gef\u00fcllt wird.<br \/>\nDer Einstieg ist am Bootshaus, am Flachwasserbereich ist zum Erhalt der Pflanzenwelt der Einstieg verboten.<\/p>\n<p><strong>Fauna:<\/strong><br \/>\nForellen, Renken, Zander, Regenbogen- und Bachforellen sind der haupts\u00e4chliche<br \/>\nFischbesatz in diesem Gew\u00e4sser. Eine Menge von Elritzen (im Volksmund<br \/>\nPfrillen genannt) erfreut das Auge eines jeden Unterwasserfreundes<br \/>\naufgrund ihrer Schwarmbildung in den unterschiedlichsten Tiefen.<br \/>\nWer ein Auge f\u00fcr das Detail und die kleineren Bewohner entwickelt<br \/>\nhat, bekommt auch hier die Gelegenheit K\u00f6cherfliegenlarven, Gelbrandk\u00e4fer,<br \/>\nverschiedene Arten von Schnecken u. v. m. zu entdecken.<br \/>\n<strong>Flora:<\/strong><br \/>\nAuch hier hast Du die M\u00f6glichkeit eine Vielzahl von Wasserpflanzen, angefangen<br \/>\nvon der Armleuchteralge \u00fcber die Wasserpest, bis hin zu gallertartigen<br \/>\nSchwammgebilden kennen zu lernen.<br \/>\nTemperatur: In den hei\u00dfen Sommermonaten liegt die Wassertemperatur um etwa 2 ? 3 \u00b0 C<br \/>\nh\u00f6her. Die Wassertemperatur betr\u00e4gt im Durchschnitt:<br \/>\nWasseroberfl\u00e4che: 18 \u00b0 C<br \/>\n8 m Tiefe: 10 \u00b0 C<br \/>\n16 m Tiefe: 5 \u00b0 C<\/p>\n<div id=\"c396\" class=\"csc-default\">\n<h2>Notrufnummern:<\/h2>\n<p>Notrufzentrale: 144<br \/>\nKrankenhaus Reutte: Tel. 05672\/62446<br \/>\nFeuerwehr: 122<br \/>\nPolizei: 2209<br \/>\nF\u00dcR TAUCHER in Innsbruck Tel. 0512\/22422<br \/>\nHyperbares Sauerstoff-Zentrum Tel. 0049-89\/548231-0<br \/>\nDeko-Kammer Murnau Tel. 0049-8841\/4720<br \/>\nDAN Travel Assist Europe Tel. 0039-06-4211-8685<br \/>\nHotel Mohr Life Resort Tel. 05673\/2362<\/p>\n<\/div>\n","protected":false},"excerpt":{"rendered":"<p>Der Blindsee ist ein Bergsee auf 1093m H\u00f6he \u00fcber n.N. Er liegt zwischen Reute und Innsbruck direkt an der Fernpassbundesstra\u00dfe 314. Von Deutschland kommend ca. 2km nach dem Fernpasstunnel biegt man rechts in eine kleine Stra\u00dfe ein. Dort befindet sich <a class=\"more-link\" href=\"https:\/\/divevision.albinger.de\/?page_id=28\">Weiterlesen\u00a0\u2026<\/a><\/p>\n","protected":false},"author":1,"featured_media":0,"parent":10,"menu_order":0,"comment_status":"closed","ping_status":"closed","template":"","meta":{"footnotes":""},"class_list":["post-28","page","type-page","status-publish","hentry"],"_links":{"self":[{"href":"https:\/\/divevision.albinger.de\/index.php?rest_route=\/wp\/v2\/pages\/28","targetHints":{"allow":["GET"]}}],"collection":[{"href":"https:\/\/divevision.albinger.de\/index.php?rest_route=\/wp\/v2\/pages"}],"about":[{"href":"https:\/\/divevision.albinger.de\/index.php?rest_route=\/wp\/v2\/types\/page"}],"author":[{"embeddable":true,"href":"https:\/\/divevision.albinger.de\/index.php?rest_route=\/wp\/v2\/users\/1"}],"replies":[{"embeddable":true,"href":"https:\/\/divevision.albinger.de\/index.php?rest_route=%2Fwp%2Fv2%2Fcomments&post=28"}],"version-history":[{"count":0,"href":"https:\/\/divevision.albinger.de\/index.php?rest_route=\/wp\/v2\/pages\/28\/revisions"}],"up":[{"embeddable":true,"href":"https:\/\/divevision.albinger.de\/index.php?rest_route=\/wp\/v2\/pages\/10"}],"wp:attachment":[{"href":"https:\/\/divevision.albinger.de\/index.php?rest_route=%2Fwp%2Fv2%2Fmedia&parent=28"}],"curies":[{"name":"wp","href":"https:\/\/api.w.org\/{rel}","templated":true}]}}