{"id":30,"date":"2015-11-28T16:54:27","date_gmt":"2015-11-28T16:54:27","guid":{"rendered":"http:\/\/tauchsport-albinger.de\/?page_id=30"},"modified":"2015-11-28T16:54:27","modified_gmt":"2015-11-28T16:54:27","slug":"laupheim-risskies-see","status":"publish","type":"page","link":"https:\/\/divevision.albinger.de\/?page_id=30","title":{"rendered":"Laupheim Ri\u00dfkies See"},"content":{"rendered":"<p>Der Ri\u00dfkiessee im Ri\u00dftal bei Laupheim in der N\u00e4he von Obersulmentingen (mitunter auch Surfsee Laupheim, Freizeitbereich Ri\u00dftal oder Baggersee beim Ri\u00dfkieswerk genannt) ist ein sch\u00f6ner und sauberer Baggersee, der sowohl zum Baden, Surfen und Segeln, als auch zum Tauchen genutzt wird. Bei sch\u00f6nem Wetter sind auch der Kiosk und die Toiletten ge\u00f6ffnet. Der See ist fast durchgehend 10m tief (wie eine Badewanne). Die Sicht ist meistens bescheiden (1-5m). Die meiste Vegetation befindet sich an den Uferbereichen. Dort kann man auch mal einen gr\u00f6\u00dferen Hecht sehen. Bei Nacht nat\u00fcrlich auch Aale. Um die Insel ist es besonders sch\u00f6n!<\/p>\n<p>Das Tauchen ist seit neuestem ohne Genehmigung und ganzj\u00e4hrig erlaubt.<\/p>\n<p><a href=\"https:\/\/divevision.albinger.de\/wp-content\/uploads\/2015\/11\/Laupheim-1.jpg\"><img loading=\"lazy\" decoding=\"async\" class=\"alignnone size-full wp-image-313\" src=\"https:\/\/divevision.albinger.de\/wp-content\/uploads\/2015\/11\/Laupheim-1.jpg\" alt=\"Laupheim-1\" width=\"295\" height=\"222\" \/><\/a><a href=\"https:\/\/divevision.albinger.de\/wp-content\/uploads\/2015\/11\/Laupheim-2.jpg\"><img loading=\"lazy\" decoding=\"async\" class=\"alignnone size-full wp-image-315\" src=\"https:\/\/divevision.albinger.de\/wp-content\/uploads\/2015\/11\/Laupheim-2.jpg\" alt=\"Laupheim-2\" width=\"295\" height=\"222\" \/><\/a><a href=\"https:\/\/divevision.albinger.de\/wp-content\/uploads\/2015\/11\/Laupheim-3.jpg\"><img loading=\"lazy\" decoding=\"async\" class=\"alignnone size-full wp-image-316\" src=\"https:\/\/divevision.albinger.de\/wp-content\/uploads\/2015\/11\/Laupheim-3.jpg\" alt=\"Laupheim-3\" width=\"295\" height=\"222\" \/><\/a><a href=\"https:\/\/divevision.albinger.de\/wp-content\/uploads\/2015\/11\/Laupheim-4.jpg\"><img loading=\"lazy\" decoding=\"async\" class=\"alignnone size-full wp-image-317\" src=\"https:\/\/divevision.albinger.de\/wp-content\/uploads\/2015\/11\/Laupheim-4.jpg\" alt=\"Laupheim-4\" width=\"295\" height=\"222\" \/><\/a><a href=\"https:\/\/divevision.albinger.de\/wp-content\/uploads\/2015\/11\/Laupheim-5.jpg\"><img loading=\"lazy\" decoding=\"async\" class=\"alignnone size-medium wp-image-318\" src=\"https:\/\/divevision.albinger.de\/wp-content\/uploads\/2015\/11\/Laupheim-5-212x300.jpg\" alt=\"Laupheim-5\" width=\"212\" height=\"300\" \/><\/a><\/p>\n<div id=\"c384\" class=\"csc-default\">\n<div class=\"csc-textpic csc-textpic-center csc-textpic-above\">\n<div class=\"csc-textpic-text\">\n<p>Quelle: <a href=\"http:\/\/www.stuttgart-taucht.de\/\" target=\"_blank\">www.stuttgart-taucht.de<\/a><\/p>\n<\/div>\n<\/div>\n<\/div>\n<div id=\"c383\" class=\"csc-default\">\n<h2>Anfahrt:<\/h2>\n<p>Vom Ortsausgang Laupheim in Richtung Untersulmetingen fahren, die Anfahrt Richtung Badesee ist beschrieben. Einfach links Richtung Acker abbiegen, der See ist von B\u00e4umen umgeben. Dort am besten bis ganz ans Ende fahren. Mann kann dann direkt neben den Bahngleisen parken.<\/p>\n<p>&nbsp;<\/p>\n<\/div>\n","protected":false},"excerpt":{"rendered":"<p>Der Ri\u00dfkiessee im Ri\u00dftal bei Laupheim in der N\u00e4he von Obersulmentingen (mitunter auch Surfsee Laupheim, Freizeitbereich Ri\u00dftal oder Baggersee beim Ri\u00dfkieswerk genannt) ist ein sch\u00f6ner und sauberer Baggersee, der sowohl zum Baden, Surfen und Segeln, als auch zum Tauchen genutzt <a class=\"more-link\" href=\"https:\/\/divevision.albinger.de\/?page_id=30\">Weiterlesen\u00a0\u2026<\/a><\/p>\n","protected":false},"author":1,"featured_media":0,"parent":10,"menu_order":0,"comment_status":"closed","ping_status":"closed","template":"","meta":{"footnotes":""},"class_list":["post-30","page","type-page","status-publish","hentry"],"_links":{"self":[{"href":"https:\/\/divevision.albinger.de\/index.php?rest_route=\/wp\/v2\/pages\/30","targetHints":{"allow":["GET"]}}],"collection":[{"href":"https:\/\/divevision.albinger.de\/index.php?rest_route=\/wp\/v2\/pages"}],"about":[{"href":"https:\/\/divevision.albinger.de\/index.php?rest_route=\/wp\/v2\/types\/page"}],"author":[{"embeddable":true,"href":"https:\/\/divevision.albinger.de\/index.php?rest_route=\/wp\/v2\/users\/1"}],"replies":[{"embeddable":true,"href":"https:\/\/divevision.albinger.de\/index.php?rest_route=%2Fwp%2Fv2%2Fcomments&post=30"}],"version-history":[{"count":0,"href":"https:\/\/divevision.albinger.de\/index.php?rest_route=\/wp\/v2\/pages\/30\/revisions"}],"up":[{"embeddable":true,"href":"https:\/\/divevision.albinger.de\/index.php?rest_route=\/wp\/v2\/pages\/10"}],"wp:attachment":[{"href":"https:\/\/divevision.albinger.de\/index.php?rest_route=%2Fwp%2Fv2%2Fmedia&parent=30"}],"curies":[{"name":"wp","href":"https:\/\/api.w.org\/{rel}","templated":true}]}}