{"id":32,"date":"2015-11-28T16:55:29","date_gmt":"2015-11-28T16:55:29","guid":{"rendered":"http:\/\/tauchsport-albinger.de\/?page_id=32"},"modified":"2015-11-28T16:55:29","modified_gmt":"2015-11-28T16:55:29","slug":"gurenhofsee","status":"publish","type":"page","link":"https:\/\/divevision.albinger.de\/?page_id=32","title":{"rendered":"Gurenhofsee"},"content":{"rendered":"<p>Der Gurrenhofsee liegt in der N\u00e4he von Ulm direkt an der B28 zwischen Senden und Ludwigsfeld. Es handelt sich hier um einen Privatsee, der von mehreren Tauchsportgruppen aus Ulm und Senden (<a href=\"http:\/\/www.tauchclub-senden.de\/\" target=\"_blank\">z.B. Tauchclub Senden<\/a>), Anglern und Campern genutzt wird. Er ist ca. 450m lang und 300m breit und hat im Mittel eine Wassertiefe von ca. 3m. Es gibt einige L\u00f6cher, welche eine Tief von 5-10m erreichen. Diese k\u00f6nnen sich bei schlechter Tarierung sofort in ein dunkles Loch verwandeln. Im n\u00f6rdlichen Teil ist ein kleiner Bereich abgesperrt, und darf von Tauchern nicht genutzt werden. Die Unterwasserflora ist ausgesprochen sch\u00f6n, Karpfen, Hechte, St\u00f6re bis zu 1m L\u00e4nge sind keine Seltenheit. Die Sicht ist auch im Sommer gut. Der See wird durch Quellwasser (sehr kalt) gespeist.<\/p>\n<p><a href=\"https:\/\/divevision.albinger.de\/wp-content\/uploads\/2015\/11\/Gure-4.jpg\"><img loading=\"lazy\" decoding=\"async\" class=\"alignnone size-full wp-image-307\" src=\"https:\/\/divevision.albinger.de\/wp-content\/uploads\/2015\/11\/Gure-4.jpg\" alt=\"Gure-4\" width=\"295\" height=\"211\" \/><\/a><a href=\"https:\/\/divevision.albinger.de\/wp-content\/uploads\/2015\/11\/Gure-3.jpg\"><img loading=\"lazy\" decoding=\"async\" class=\"alignnone size-full wp-image-308\" src=\"https:\/\/divevision.albinger.de\/wp-content\/uploads\/2015\/11\/Gure-3.jpg\" alt=\"Gure-3\" width=\"295\" height=\"222\" \/><\/a><br \/>\n<a href=\"https:\/\/divevision.albinger.de\/wp-content\/uploads\/2015\/11\/Gure-1.jpg\"><img loading=\"lazy\" decoding=\"async\" class=\"alignnone size-full wp-image-310\" src=\"https:\/\/divevision.albinger.de\/wp-content\/uploads\/2015\/11\/Gure-1.jpg\" alt=\"Gure-1\" width=\"295\" height=\"198\" \/><\/a><a href=\"https:\/\/divevision.albinger.de\/wp-content\/uploads\/2015\/11\/Gure-2.jpg\"><img loading=\"lazy\" decoding=\"async\" class=\"alignnone size-full wp-image-311\" src=\"https:\/\/divevision.albinger.de\/wp-content\/uploads\/2015\/11\/Gure-2.jpg\" alt=\"Gure-2\" width=\"295\" height=\"198\" \/><\/a><\/p>\n","protected":false},"excerpt":{"rendered":"<p>Der Gurrenhofsee liegt in der N\u00e4he von Ulm direkt an der B28 zwischen Senden und Ludwigsfeld. Es handelt sich hier um einen Privatsee, der von mehreren Tauchsportgruppen aus Ulm und Senden (z.B. Tauchclub Senden), Anglern und Campern genutzt wird. Er <a class=\"more-link\" href=\"https:\/\/divevision.albinger.de\/?page_id=32\">Weiterlesen\u00a0\u2026<\/a><\/p>\n","protected":false},"author":1,"featured_media":0,"parent":10,"menu_order":0,"comment_status":"closed","ping_status":"closed","template":"","meta":{"footnotes":""},"class_list":["post-32","page","type-page","status-publish","hentry"],"_links":{"self":[{"href":"https:\/\/divevision.albinger.de\/index.php?rest_route=\/wp\/v2\/pages\/32","targetHints":{"allow":["GET"]}}],"collection":[{"href":"https:\/\/divevision.albinger.de\/index.php?rest_route=\/wp\/v2\/pages"}],"about":[{"href":"https:\/\/divevision.albinger.de\/index.php?rest_route=\/wp\/v2\/types\/page"}],"author":[{"embeddable":true,"href":"https:\/\/divevision.albinger.de\/index.php?rest_route=\/wp\/v2\/users\/1"}],"replies":[{"embeddable":true,"href":"https:\/\/divevision.albinger.de\/index.php?rest_route=%2Fwp%2Fv2%2Fcomments&post=32"}],"version-history":[{"count":0,"href":"https:\/\/divevision.albinger.de\/index.php?rest_route=\/wp\/v2\/pages\/32\/revisions"}],"up":[{"embeddable":true,"href":"https:\/\/divevision.albinger.de\/index.php?rest_route=\/wp\/v2\/pages\/10"}],"wp:attachment":[{"href":"https:\/\/divevision.albinger.de\/index.php?rest_route=%2Fwp%2Fv2%2Fmedia&parent=32"}],"curies":[{"name":"wp","href":"https:\/\/api.w.org\/{rel}","templated":true}]}}