{"id":34,"date":"2015-11-28T16:56:32","date_gmt":"2015-11-28T16:56:32","guid":{"rendered":"http:\/\/tauchsport-albinger.de\/?page_id=34"},"modified":"2015-11-28T16:56:32","modified_gmt":"2015-11-28T16:56:32","slug":"teufelstisch","status":"publish","type":"page","link":"https:\/\/divevision.albinger.de\/?page_id=34","title":{"rendered":"Teufelstisch"},"content":{"rendered":"<div id=\"c351\" class=\"csc-default\">\n<div class=\"csc-textpic csc-textpic-center csc-textpic-below\">\n<div class=\"csc-textpic-text\">\n<p>Der Teufelstisch ist eine Felsformation im Bodensee. Es ist eine Felsnadel, die der Steilwand vor Wallhausen vorgelagert ist. Das Plateau hat einen Durchmesser von ca. 15 m und liegt ca. 1.5 m unter der Wasseroberfl\u00e4che. Rings um den Teufelstisch f\u00e4llt die Wand fast senkrecht bis in ca. 90 m Tiefe ab. Er befindet sich am Seezeichen 22. Dort besteht 500m L+R davon ein Tauchverbot. Deswegen darf hier nur mit einer vom Landratsamt Konstanz ausgestellten Tauchgenehhmigung getaucht werden.<\/p>\n<p>Folgende grunds\u00e4tzlichen Bedingungen m\u00fcssen eingehalten werden.<br \/>\nDie maxiamle Tiefe von 40m darf nicht \u00fcberschritten werden.<br \/>\nEs darf nur zu zweit und an einer Boddyleine getaucht werden.<br \/>\nVor dem Tauchgang muss man sich bei der Wasserschutzpolizei in \u00dcberlingen anmelden, und auch nach dem Tauchgang wieder abmelden.<br \/>\nDas \u00fcbliche dem Gew\u00e4sser angepasste Equipment ist nat\u00fcrlich auch zwingend notwendig.<br \/>\nMehr informationen erhaltet ihr hier: <a class=\"external-link-new-window\" href=\"http:\/\/www.teufelstisch.de\/\">Teufelstisch <\/a><\/p>\n<p><a href=\"https:\/\/divevision.albinger.de\/wp-content\/uploads\/2015\/11\/Teufelstisch-1.gif\"><img loading=\"lazy\" decoding=\"async\" class=\"alignnone size-medium wp-image-302\" src=\"https:\/\/divevision.albinger.de\/wp-content\/uploads\/2015\/11\/Teufelstisch-1-234x300.gif\" alt=\"Teufelstisch-1\" width=\"234\" height=\"300\" \/><\/a><\/p>\n<\/div>\n<div class=\"csc-textpic-imagewrap\">\n<div class=\"csc-textpic-center-outer\">\n<div class=\"csc-textpic-center-inner\">\n<div id=\"c350\" class=\"csc-default\">\n<p>Quelle <a href=\"http:\/\/www.teufelstisch.de\/\" target=\"_blank\">www.teufelstisch.de<\/a><\/p>\n<\/div>\n<\/div>\n<\/div>\n<\/div>\n<\/div>\n<\/div>\n","protected":false},"excerpt":{"rendered":"<p>Der Teufelstisch ist eine Felsformation im Bodensee. Es ist eine Felsnadel, die der Steilwand vor Wallhausen vorgelagert ist. Das Plateau hat einen Durchmesser von ca. 15 m und liegt ca. 1.5 m unter der Wasseroberfl\u00e4che. Rings um den Teufelstisch f\u00e4llt <a class=\"more-link\" href=\"https:\/\/divevision.albinger.de\/?page_id=34\">Weiterlesen\u00a0\u2026<\/a><\/p>\n","protected":false},"author":1,"featured_media":0,"parent":18,"menu_order":0,"comment_status":"closed","ping_status":"closed","template":"","meta":{"footnotes":""},"class_list":["post-34","page","type-page","status-publish","hentry"],"_links":{"self":[{"href":"https:\/\/divevision.albinger.de\/index.php?rest_route=\/wp\/v2\/pages\/34","targetHints":{"allow":["GET"]}}],"collection":[{"href":"https:\/\/divevision.albinger.de\/index.php?rest_route=\/wp\/v2\/pages"}],"about":[{"href":"https:\/\/divevision.albinger.de\/index.php?rest_route=\/wp\/v2\/types\/page"}],"author":[{"embeddable":true,"href":"https:\/\/divevision.albinger.de\/index.php?rest_route=\/wp\/v2\/users\/1"}],"replies":[{"embeddable":true,"href":"https:\/\/divevision.albinger.de\/index.php?rest_route=%2Fwp%2Fv2%2Fcomments&post=34"}],"version-history":[{"count":0,"href":"https:\/\/divevision.albinger.de\/index.php?rest_route=\/wp\/v2\/pages\/34\/revisions"}],"up":[{"embeddable":true,"href":"https:\/\/divevision.albinger.de\/index.php?rest_route=\/wp\/v2\/pages\/18"}],"wp:attachment":[{"href":"https:\/\/divevision.albinger.de\/index.php?rest_route=%2Fwp%2Fv2%2Fmedia&parent=34"}],"curies":[{"name":"wp","href":"https:\/\/api.w.org\/{rel}","templated":true}]}}