{"id":42,"date":"2015-11-28T17:02:02","date_gmt":"2015-11-28T17:02:02","guid":{"rendered":"http:\/\/tauchsport-albinger.de\/?page_id=42"},"modified":"2019-07-03T13:20:05","modified_gmt":"2019-07-03T11:20:05","slug":"cmas","status":"publish","type":"page","link":"https:\/\/divevision.albinger.de\/?page_id=42","title":{"rendered":"CMAS*"},"content":{"rendered":"<div class=\"content2\">\n<div class=\"content2-container line-box\">\n<div class=\"content2-container-1col\">\n<div class=\"content-txtbox-noshade\">\n<div id=\"c282\" class=\"csc-default\">\n<div class=\"csc-textpic csc-textpic-left csc-textpic-below\">\n<div class=\"csc-textpic-text\">\n<p><b>Ich will Tauchen Lernen!<\/b><\/p>\n<p><i>Wenn Du direkt einsteigen willst<\/i>, dann erh\u00e4lst Du mit dem C.M.A.S * \/ IaC OWD Kurs ein international g\u00fcltiges Brevet, mit welchem Du im In- und Ausland in jeder Tauchbasis mit einem qualifizierten Tauchbegleiter tauchen gehen kannst.<\/p>\n<p><i>Bist Du schon Pool oder Basic Diver<\/i>, kann der C.M.A.S * Kurs f\u00fcr Dich verk\u00fcrzt werden. Es wird hier auf dem Pool- oder Basicdiver aufgebaut, die Theorie und ABC \u00dcbungen m\u00fcssen nicht mehr wiederholt werden. So kannst du ohne, die Dir schon bekannten \u00dcbungen zu wiederholen, den 1. Stern erreichen.<\/p>\n<p><a href=\"https:\/\/divevision.albinger.de\/wp-content\/uploads\/2015\/11\/Salzwasser-2.jpg\"><img loading=\"lazy\" decoding=\"async\" class=\"alignnone size-full wp-image-351\" src=\"https:\/\/divevision.albinger.de\/wp-content\/uploads\/2015\/11\/Salzwasser-2.jpg\" alt=\"Salzwasser-2\" width=\"250\" height=\"165\" \/><\/a><a href=\"https:\/\/divevision.albinger.de\/wp-content\/uploads\/2015\/11\/Salzwasser-4.jpg\"><img loading=\"lazy\" decoding=\"async\" class=\"alignnone size-full wp-image-352\" src=\"https:\/\/divevision.albinger.de\/wp-content\/uploads\/2015\/11\/Salzwasser-4.jpg\" alt=\"Salzwasser-4\" width=\"250\" height=\"167\" \/><\/a><\/p>\n<p><a href=\"https:\/\/divevision.albinger.de\/wp-content\/uploads\/2015\/11\/cmas1-card.jpg\"><img loading=\"lazy\" decoding=\"async\" class=\"alignnone size-full wp-image-354\" src=\"https:\/\/divevision.albinger.de\/wp-content\/uploads\/2015\/11\/cmas1-card.jpg\" alt=\"cmas1-card\" width=\"228\" height=\"140\" \/><\/a><img loading=\"lazy\" decoding=\"async\" class=\"alignnone size-full wp-image-355\" src=\"https:\/\/divevision.albinger.de\/wp-content\/uploads\/2015\/11\/OWD.png\" alt=\"OWD\" width=\"210\" height=\"132\" \/><\/p>\n<p><u>Voraussetzungen:<\/u><br \/>\n14 Jahre; \u00e4rztliches Attest, bei Minderj\u00e4hrigen Einverst\u00e4ndniserkl\u00e4rung der Elter,<\/p>\n<div class=\"content2\">\n<div class=\"content2-container line-box\">\n<div class=\"content2-container-1col\">\n<div class=\"content-txtbox-noshade\">\n<div id=\"c280\" class=\"csc-default\"><b>Preis: 450.-\u20ac<\/b><\/div>\n<div class=\"csc-default\"><\/div>\n<p><u>Literatur:<\/u><br \/>\nOpen Water Diver<br \/>\nOliver Mielke, Thomas Kromp<br \/>\nDieses Lehrbuch ist f\u00fcr den leichten Einstieg in die Unterwasserwelt entwickelt worden. Es gibt eine kurz gefasste Einf\u00fchrung in die Grundkenntnisse des Tauchsports. Bei der Gestaltung wurde besonderer Wert darauf gelegt, die wesentlichen Punkte der Ausbildung zum IaC OWD \/ CMAS * zu ber\u00fccksichtigen.<br \/>\nTaschenbuch 1. Auflage 2007 \/ 124 Seiten \/ 21 x 14,8 x 0,8 cm \/ mehr als 70 Fotos und Grafiken \/ durchgehend 4-farbig<\/p>\n<p><a href=\"https:\/\/divevision.albinger.de\/wp-content\/uploads\/2015\/11\/cmas1-buch.jpg\"><img loading=\"lazy\" decoding=\"async\" class=\"alignnone size-full wp-image-356\" src=\"https:\/\/divevision.albinger.de\/wp-content\/uploads\/2015\/11\/cmas1-buch.jpg\" alt=\"cmas1-buch\" width=\"140\" height=\"198\" \/><\/a><\/p>\n<\/div>\n<\/div>\n<\/div>\n<\/div>\n<\/div>\n<\/div>\n<\/div>\n<\/div>\n<\/div>\n<\/div>\n<\/div>\n","protected":false},"excerpt":{"rendered":"<p>Ich will Tauchen Lernen! Wenn Du direkt einsteigen willst, dann erh\u00e4lst Du mit dem C.M.A.S * \/ IaC OWD Kurs ein international g\u00fcltiges Brevet, mit welchem Du im In- und Ausland in jeder Tauchbasis mit einem qualifizierten Tauchbegleiter tauchen gehen <a class=\"more-link\" href=\"https:\/\/divevision.albinger.de\/?page_id=42\">Weiterlesen\u00a0\u2026<\/a><\/p>\n","protected":false},"author":1,"featured_media":0,"parent":529,"menu_order":0,"comment_status":"closed","ping_status":"closed","template":"","meta":{"footnotes":""},"class_list":["post-42","page","type-page","status-publish","hentry"],"_links":{"self":[{"href":"https:\/\/divevision.albinger.de\/index.php?rest_route=\/wp\/v2\/pages\/42","targetHints":{"allow":["GET"]}}],"collection":[{"href":"https:\/\/divevision.albinger.de\/index.php?rest_route=\/wp\/v2\/pages"}],"about":[{"href":"https:\/\/divevision.albinger.de\/index.php?rest_route=\/wp\/v2\/types\/page"}],"author":[{"embeddable":true,"href":"https:\/\/divevision.albinger.de\/index.php?rest_route=\/wp\/v2\/users\/1"}],"replies":[{"embeddable":true,"href":"https:\/\/divevision.albinger.de\/index.php?rest_route=%2Fwp%2Fv2%2Fcomments&post=42"}],"version-history":[{"count":1,"href":"https:\/\/divevision.albinger.de\/index.php?rest_route=\/wp\/v2\/pages\/42\/revisions"}],"predecessor-version":[{"id":767,"href":"https:\/\/divevision.albinger.de\/index.php?rest_route=\/wp\/v2\/pages\/42\/revisions\/767"}],"up":[{"embeddable":true,"href":"https:\/\/divevision.albinger.de\/index.php?rest_route=\/wp\/v2\/pages\/529"}],"wp:attachment":[{"href":"https:\/\/divevision.albinger.de\/index.php?rest_route=%2Fwp%2Fv2%2Fmedia&parent=42"}],"curies":[{"name":"wp","href":"https:\/\/api.w.org\/{rel}","templated":true}]}}