{"id":48,"date":"2015-11-28T17:04:47","date_gmt":"2015-11-28T17:04:47","guid":{"rendered":"http:\/\/tauchsport-albinger.de\/?page_id=48"},"modified":"2015-11-28T17:04:47","modified_gmt":"2015-11-28T17:04:47","slug":"iac-aowd","status":"publish","type":"page","link":"https:\/\/divevision.albinger.de\/?page_id=48","title":{"rendered":"IAC AOWD"},"content":{"rendered":"<p><b>Zwei Fliegen mit einer Klappe!<\/b><\/p>\n<p>Du m\u00f6chtest Deine taucherischen F\u00e4higkeiten verbessern, w\u00fcrdest gerne das eine oder andere Spezialbrevet machen?<\/p>\n<p>Warum nicht gleich den IaC AOWD Kurs.<\/p>\n<p>Hier schl\u00e4gst du zwei Fliegen mit einer Klappe. Zum einen weist Du Dich als fortgeschrittener Taucher (EN 14153-2 selbst\u00e4ndiger Taucher) aus, zum anderen erf\u00fcllst Du damit die Voraussetzungen um den <a href=\"https:\/\/divevision.albinger.de\/?page_id=44\">CMAS **<\/a> Kurs zu beginnen.<\/p>\n<p>In dem Kurs sind nachfolgende Spezialbrevets enthalten:<\/p>\n<p><b>HLW Level-1, <\/b><br \/>\n<b><a href=\"https:\/\/divevision.albinger.de\/?page_id=81\">Orientierung<\/a>,<br \/>\n<a href=\"https:\/\/divevision.albinger.de\/?page_id=83\">Gruppenf\u00fchrung<\/a><br \/>\n<a href=\"https:\/\/divevision.albinger.de\/?page_id=89\">Tieftauchen<\/a><br \/>\n<a href=\"https:\/\/divevision.albinger.de\/?page_id=87\">Nachttauchen<\/a><\/b><\/p>\n<p><a href=\"https:\/\/divevision.albinger.de\/wp-content\/uploads\/2015\/11\/AOWD.png\"><img loading=\"lazy\" decoding=\"async\" class=\"alignnone size-full wp-image-366\" src=\"https:\/\/divevision.albinger.de\/wp-content\/uploads\/2015\/11\/AOWD.png\" alt=\"AOWD\" width=\"210\" height=\"132\" \/><\/a><\/p>\n<div id=\"c285\" class=\"csc-default\">\n<p><b>Voraussetzungen:<\/b><br \/>\nmind. 15 Jahre, bei Minderj\u00e4hrigen Einverst\u00e4ndniserkl\u00e4rung der Eltern, <a  data-e-Disable-Page-Transition=\"true\" class=\"download-link\" title=\"\" href=\"https:\/\/divevision.albinger.de?download=187&amp;tmstv=1778760886\" rel=\"nofollow\" id=\"download-link-187\" data-redirect=\"false\" >\n\tEquivalenzliste Sporttaucher\t(10991 Downloads\t)\n<\/a>\n oder <a  data-e-Disable-Page-Transition=\"true\" class=\"download-link\" title=\"\" href=\"https:\/\/divevision.albinger.de?download=193&amp;tmstv=1778760886\" rel=\"nofollow\" id=\"download-link-193\" data-redirect=\"false\" >\n\t\u00c4rztliche Untersuchung\t(12754 Downloads\t)\n<\/a>\n<\/p>\n<p><b>Preis: 400.-Euro<\/b><\/p>\n<\/div>\n","protected":false},"excerpt":{"rendered":"<p>Zwei Fliegen mit einer Klappe! Du m\u00f6chtest Deine taucherischen F\u00e4higkeiten verbessern, w\u00fcrdest gerne das eine oder andere Spezialbrevet machen? Warum nicht gleich den IaC AOWD Kurs. Hier schl\u00e4gst du zwei Fliegen mit einer Klappe. Zum einen weist Du Dich als <a class=\"more-link\" href=\"https:\/\/divevision.albinger.de\/?page_id=48\">Weiterlesen\u00a0\u2026<\/a><\/p>\n","protected":false},"author":1,"featured_media":0,"parent":529,"menu_order":0,"comment_status":"closed","ping_status":"closed","template":"","meta":{"footnotes":""},"class_list":["post-48","page","type-page","status-publish","hentry"],"_links":{"self":[{"href":"https:\/\/divevision.albinger.de\/index.php?rest_route=\/wp\/v2\/pages\/48","targetHints":{"allow":["GET"]}}],"collection":[{"href":"https:\/\/divevision.albinger.de\/index.php?rest_route=\/wp\/v2\/pages"}],"about":[{"href":"https:\/\/divevision.albinger.de\/index.php?rest_route=\/wp\/v2\/types\/page"}],"author":[{"embeddable":true,"href":"https:\/\/divevision.albinger.de\/index.php?rest_route=\/wp\/v2\/users\/1"}],"replies":[{"embeddable":true,"href":"https:\/\/divevision.albinger.de\/index.php?rest_route=%2Fwp%2Fv2%2Fcomments&post=48"}],"version-history":[{"count":0,"href":"https:\/\/divevision.albinger.de\/index.php?rest_route=\/wp\/v2\/pages\/48\/revisions"}],"up":[{"embeddable":true,"href":"https:\/\/divevision.albinger.de\/index.php?rest_route=\/wp\/v2\/pages\/529"}],"wp:attachment":[{"href":"https:\/\/divevision.albinger.de\/index.php?rest_route=%2Fwp%2Fv2%2Fmedia&parent=48"}],"curies":[{"name":"wp","href":"https:\/\/api.w.org\/{rel}","templated":true}]}}