{"id":52,"date":"2015-11-28T17:06:47","date_gmt":"2015-11-28T17:06:47","guid":{"rendered":"http:\/\/tauchsport-albinger.de\/?page_id=52"},"modified":"2015-11-28T17:06:47","modified_gmt":"2015-11-28T17:06:47","slug":"cmas-nitrox-2","status":"publish","type":"page","link":"https:\/\/divevision.albinger.de\/?page_id=52","title":{"rendered":"CMAS Nitrox**"},"content":{"rendered":"<p>Der CMAS Nitrox ** Kurs ist f\u00fcr die einen der Einstieg ins technische Tauchen, f\u00fcr die anderen einfach ein Kurs der einen zu einem besseren Taucher macht.<\/p>\n<p>Bist du ein CMAS *** Taucher und sind Dir die Grenzen des Sporttauchens zu eng, dann empfehle ich Dir dringend diesen Kurs.<\/p>\n<p>Hier lernst du wie dekompressionspflichtige Tauchg\u00e4nge geplant und durchgef\u00fchrt werden. Wir behandeln den Bereich Tauchausr\u00fcstung, Tauchgangsplanung, Gasmanagement. Den praktischen Umgang mit der Zusatzausr\u00fcstung, Reel + Hebesack, Stageflaschen, Ersatzmasken u.s.w. Nach dem Kurs kannst du mit allen Nitroxgemischen und einem zus\u00e4tzlichen Dekogas bis 100% Sauerstoff tauchen.<\/p>\n<p>Der Kurs ist Voraussetzung f\u00fcr den Trimix 60 und Trimix 100 Kurs.<\/p>\n<p><a href=\"https:\/\/divevision.albinger.de\/wp-content\/uploads\/2015\/11\/CMAS_Techkurse.gif\"><img loading=\"lazy\" decoding=\"async\" class=\"alignnone size-medium wp-image-349\" src=\"https:\/\/divevision.albinger.de\/wp-content\/uploads\/2015\/11\/CMAS_Techkurse-300x225.gif\" alt=\"CMAS_Techkurse\" width=\"300\" height=\"225\" \/><\/a><\/p>\n<p><u>Voraussetzung:<\/u><br \/>\nmind. 18 Jahre, <a href=\"https:\/\/divevision.albinger.de\/?page_id=46\">CMAS ***<\/a> und <a href=\"https:\/\/divevision.albinger.de\/?page_id=50\">CMAS Nitrox *<\/a> Brevet oder <a  data-e-Disable-Page-Transition=\"true\" class=\"download-link\" title=\"\" href=\"https:\/\/divevision.albinger.de?download=187&amp;tmstv=1778847283\" rel=\"nofollow\" id=\"download-link-187\" data-redirect=\"false\" >\n\tEquivalenzliste Sporttaucher\t(11007 Downloads\t)\n<\/a>\n, Nachwei\u00df der <a  data-e-Disable-Page-Transition=\"true\" class=\"download-link\" title=\"\" href=\"https:\/\/divevision.albinger.de?download=193&amp;tmstv=1778847283\" rel=\"nofollow\" id=\"download-link-193\" data-redirect=\"false\" >\n\t\u00c4rztliche Untersuchung\t(12776 Downloads\t)\n<\/a>\n und ausreichende Kenntnisse in <a href=\"https:\/\/divevision.albinger.de\/?page_id=79\">Erster Hilfe.<\/a><\/p>\n<p><u>Zusatzausr\u00fcstung:<\/u><br \/>\nStage\/Ponyflasche, Reel mind. 40m + Hebesack, langer Mitteldruckschlauch 1,5-2,1m geeignetes Tarierjacket, ausreichend K\u00e4lteschutz (Trockentauchanzug).<\/p>\n<p><strong>Preis: 500.-\u20ac<\/strong><\/p>\n","protected":false},"excerpt":{"rendered":"<p>Der CMAS Nitrox ** Kurs ist f\u00fcr die einen der Einstieg ins technische Tauchen, f\u00fcr die anderen einfach ein Kurs der einen zu einem besseren Taucher macht. Bist du ein CMAS *** Taucher und sind Dir die Grenzen des Sporttauchens <a class=\"more-link\" href=\"https:\/\/divevision.albinger.de\/?page_id=52\">Weiterlesen\u00a0\u2026<\/a><\/p>\n","protected":false},"author":1,"featured_media":0,"parent":529,"menu_order":0,"comment_status":"closed","ping_status":"closed","template":"","meta":{"footnotes":""},"class_list":["post-52","page","type-page","status-publish","hentry"],"_links":{"self":[{"href":"https:\/\/divevision.albinger.de\/index.php?rest_route=\/wp\/v2\/pages\/52","targetHints":{"allow":["GET"]}}],"collection":[{"href":"https:\/\/divevision.albinger.de\/index.php?rest_route=\/wp\/v2\/pages"}],"about":[{"href":"https:\/\/divevision.albinger.de\/index.php?rest_route=\/wp\/v2\/types\/page"}],"author":[{"embeddable":true,"href":"https:\/\/divevision.albinger.de\/index.php?rest_route=\/wp\/v2\/users\/1"}],"replies":[{"embeddable":true,"href":"https:\/\/divevision.albinger.de\/index.php?rest_route=%2Fwp%2Fv2%2Fcomments&post=52"}],"version-history":[{"count":0,"href":"https:\/\/divevision.albinger.de\/index.php?rest_route=\/wp\/v2\/pages\/52\/revisions"}],"up":[{"embeddable":true,"href":"https:\/\/divevision.albinger.de\/index.php?rest_route=\/wp\/v2\/pages\/529"}],"wp:attachment":[{"href":"https:\/\/divevision.albinger.de\/index.php?rest_route=%2Fwp%2Fv2%2Fmedia&parent=52"}],"curies":[{"name":"wp","href":"https:\/\/api.w.org\/{rel}","templated":true}]}}