{"id":54,"date":"2015-11-28T17:07:33","date_gmt":"2015-11-28T17:07:33","guid":{"rendered":"http:\/\/tauchsport-albinger.de\/?page_id=54"},"modified":"2015-11-28T17:07:33","modified_gmt":"2015-11-28T17:07:33","slug":"iac-tec-tauchen","status":"publish","type":"page","link":"https:\/\/divevision.albinger.de\/?page_id=54","title":{"rendered":"IAC TEC Tauchen"},"content":{"rendered":"<p>Was ist TEC Diving. TEC Diving oder auch technisches Tauchen genannt, sind Tauchg\u00e4nge, bei welchen ein direkter Aufstieg zur Wasseroberfl\u00e4che nicht mehr m\u00f6glich ist.<br \/>\nWie z.B. H\u00f6hlen, Wracks oder Dekompressionstauchg\u00e4nge.<br \/>\nGrunds\u00e4tzlich muss bei solchen Tauchg\u00e4ngen, die Tauchausbildung, Ausr\u00fcstung, wie auch das Training entsprechend angepasst werden, da die \u00fcblichen Notfallsituationen anders trainiert und gehandelt werden m\u00fcssen.<\/p>\n<p><a href=\"https:\/\/divevision.albinger.de\/wp-content\/uploads\/2015\/11\/TEC-Tauchen.jpg\"><img loading=\"lazy\" decoding=\"async\" class=\"alignnone size-medium wp-image-368\" src=\"https:\/\/divevision.albinger.de\/wp-content\/uploads\/2015\/11\/TEC-Tauchen-300x225.jpg\" alt=\"TEC-Tauchen\" width=\"300\" height=\"225\" \/><\/a><\/p>\n<p>Die Ausbildung zum technischen Taucher beginnt \u00fcblicherweise mit dem <a href=\"https:\/\/divevision.albinger.de\/?page_id=56\">TEC-Fundamental<\/a>, darauf Aufbauend kann je nach F\u00e4higkeit zum n\u00e4chst h\u00f6heren Brevet weiter geschult werden. Siehe nachfolgende Grafik.<\/p>\n<p><a href=\"https:\/\/divevision.albinger.de\/wp-content\/uploads\/2015\/11\/ausbildungswegtec1.jpg\"><img loading=\"lazy\" decoding=\"async\" class=\"alignnone size-medium wp-image-369\" src=\"https:\/\/divevision.albinger.de\/wp-content\/uploads\/2015\/11\/ausbildungswegtec1-213x300.jpg\" alt=\"ausbildungswegtec1\" width=\"213\" height=\"300\" \/><\/a><\/p>\n<p>&#8211; <a href=\"https:\/\/divevision.albinger.de\/?page_id=61\">TEC-Advanced<\/a><br \/>\n&#8211; <a href=\"https:\/\/divevision.albinger.de\/?page_id=63\">Trimix 60<\/a><br \/>\n&#8211; <a href=\"https:\/\/divevision.albinger.de\/?page_id=65\">Trimix 100<\/a><br \/>\nBei allen technischen Tauchausbildungen wird eine komplette eigene Ausr\u00fcstung nach <a  data-e-Disable-Page-Transition=\"true\" class=\"download-link\" title=\"\" href=\"https:\/\/divevision.albinger.de?download=202&amp;tmstv=1777986357\" rel=\"nofollow\" id=\"download-link-202\" data-redirect=\"false\" >\n\tTEC-Ausr\u00fcstung\t(5841 Downloads\t)\n<\/a>\n gefordert. Kosten f\u00fcr Gase, Schulungsmaterial, Fahrtkosten zum Tauchgew\u00e4sser sowie die Breventierungskosten werden separat in Rechnung gestellt.<\/p>\n","protected":false},"excerpt":{"rendered":"<p>Was ist TEC Diving. TEC Diving oder auch technisches Tauchen genannt, sind Tauchg\u00e4nge, bei welchen ein direkter Aufstieg zur Wasseroberfl\u00e4che nicht mehr m\u00f6glich ist. Wie z.B. H\u00f6hlen, Wracks oder Dekompressionstauchg\u00e4nge. Grunds\u00e4tzlich muss bei solchen Tauchg\u00e4ngen, die Tauchausbildung, Ausr\u00fcstung, wie auch <a class=\"more-link\" href=\"https:\/\/divevision.albinger.de\/?page_id=54\">Weiterlesen\u00a0\u2026<\/a><\/p>\n","protected":false},"author":1,"featured_media":0,"parent":529,"menu_order":0,"comment_status":"closed","ping_status":"closed","template":"","meta":{"footnotes":""},"class_list":["post-54","page","type-page","status-publish","hentry"],"_links":{"self":[{"href":"https:\/\/divevision.albinger.de\/index.php?rest_route=\/wp\/v2\/pages\/54","targetHints":{"allow":["GET"]}}],"collection":[{"href":"https:\/\/divevision.albinger.de\/index.php?rest_route=\/wp\/v2\/pages"}],"about":[{"href":"https:\/\/divevision.albinger.de\/index.php?rest_route=\/wp\/v2\/types\/page"}],"author":[{"embeddable":true,"href":"https:\/\/divevision.albinger.de\/index.php?rest_route=\/wp\/v2\/users\/1"}],"replies":[{"embeddable":true,"href":"https:\/\/divevision.albinger.de\/index.php?rest_route=%2Fwp%2Fv2%2Fcomments&post=54"}],"version-history":[{"count":0,"href":"https:\/\/divevision.albinger.de\/index.php?rest_route=\/wp\/v2\/pages\/54\/revisions"}],"up":[{"embeddable":true,"href":"https:\/\/divevision.albinger.de\/index.php?rest_route=\/wp\/v2\/pages\/529"}],"wp:attachment":[{"href":"https:\/\/divevision.albinger.de\/index.php?rest_route=%2Fwp%2Fv2%2Fmedia&parent=54"}],"curies":[{"name":"wp","href":"https:\/\/api.w.org\/{rel}","templated":true}]}}