{"id":61,"date":"2015-11-28T17:10:43","date_gmt":"2015-11-28T17:10:43","guid":{"rendered":"http:\/\/tauchsport-albinger.de\/?page_id=61"},"modified":"2015-11-28T17:10:43","modified_gmt":"2015-11-28T17:10:43","slug":"iac-tec-advanced","status":"publish","type":"page","link":"https:\/\/divevision.albinger.de\/?page_id=61","title":{"rendered":"IAC TEC Advanced"},"content":{"rendered":"<p>Der TEC Advanced baut auf den TEC Fundamental auf.<\/p>\n<p>Der Bewerber soll in Theorie und Praxis mit der sicheren Planung, Vorbereitung und Durchf\u00fchrung von dekompressionspflichtigen Tauchg\u00e4ngen mit einem Gaswechsel (Dekogas NX 50) bis 45m Tiefe und 30 min. maximaler Dekozeit vertraut gemacht werden.<\/p>\n<p><u>Voraussetzungen:<\/u><br \/>\n&#8211; <a href=\"https:\/\/divevision.albinger.de\/?page_id=56\">TEC Fundamental<\/a> oder vergleichbar<br \/>\n&#8211; 18 Jahre<br \/>\n&#8211; 80 geloogte Tauchg\u00e4nge<br \/>\n&#8211; k\u00f6rperliche Fitness<br \/>\n&#8211; Tauchtauglichkeit<\/p>\n<p><u>Kurs:<\/u><br \/>\nTheorie Unterricht,<br \/>\nAusbildung mit kompletter eigener Ausr\u00fcstung incl 1 Stage. Keine Tauchg\u00e4nge bei Str\u00f6mung und bei unzureichender Sicht.<br \/>\n(Mindestens 5 h Gesamttauchzeit, 6 Tauchg\u00e4nge, davon min. 2 dekompressionspflichtige Tauchg\u00e4nge mit einer Mindesttiefe von 35m und einer min. Dekozeit von 15 min).<\/p>\n<p><strong>Preis: 500.-\u20ac<\/strong><\/p>\n","protected":false},"excerpt":{"rendered":"<p>Der TEC Advanced baut auf den TEC Fundamental auf. Der Bewerber soll in Theorie und Praxis mit der sicheren Planung, Vorbereitung und Durchf\u00fchrung von dekompressionspflichtigen Tauchg\u00e4ngen mit einem Gaswechsel (Dekogas NX 50) bis 45m Tiefe und 30 min. maximaler Dekozeit <a class=\"more-link\" href=\"https:\/\/divevision.albinger.de\/?page_id=61\">Weiterlesen\u00a0\u2026<\/a><\/p>\n","protected":false},"author":1,"featured_media":0,"parent":54,"menu_order":0,"comment_status":"closed","ping_status":"closed","template":"","meta":{"footnotes":""},"class_list":["post-61","page","type-page","status-publish","hentry"],"_links":{"self":[{"href":"https:\/\/divevision.albinger.de\/index.php?rest_route=\/wp\/v2\/pages\/61","targetHints":{"allow":["GET"]}}],"collection":[{"href":"https:\/\/divevision.albinger.de\/index.php?rest_route=\/wp\/v2\/pages"}],"about":[{"href":"https:\/\/divevision.albinger.de\/index.php?rest_route=\/wp\/v2\/types\/page"}],"author":[{"embeddable":true,"href":"https:\/\/divevision.albinger.de\/index.php?rest_route=\/wp\/v2\/users\/1"}],"replies":[{"embeddable":true,"href":"https:\/\/divevision.albinger.de\/index.php?rest_route=%2Fwp%2Fv2%2Fcomments&post=61"}],"version-history":[{"count":0,"href":"https:\/\/divevision.albinger.de\/index.php?rest_route=\/wp\/v2\/pages\/61\/revisions"}],"up":[{"embeddable":true,"href":"https:\/\/divevision.albinger.de\/index.php?rest_route=\/wp\/v2\/pages\/54"}],"wp:attachment":[{"href":"https:\/\/divevision.albinger.de\/index.php?rest_route=%2Fwp%2Fv2%2Fmedia&parent=61"}],"curies":[{"name":"wp","href":"https:\/\/api.w.org\/{rel}","templated":true}]}}