{"id":69,"date":"2015-11-28T17:14:56","date_gmt":"2015-11-28T17:14:56","guid":{"rendered":"http:\/\/tauchsport-albinger.de\/?page_id=69"},"modified":"2015-11-28T17:14:56","modified_gmt":"2015-11-28T17:14:56","slug":"iac-junior-diver","status":"publish","type":"page","link":"https:\/\/divevision.albinger.de\/?page_id=69","title":{"rendered":"IAC Junior Diver"},"content":{"rendered":"<p>In diesem Kurs lernst Du die verschiedenen Teile Deiner Tauchausr\u00fcstung kennen und zusammen mit Deinem Tauchlehrer machst Du Deinen ersten Tauchgang. Au\u00dferdem erf\u00e4hrst Du interessante und wichtige Dinge \u00fcber UW-Tiere und Pflanzen, den richtigen Umgang mit Deiner Tauchausr\u00fcstung, das Verhalten Unterwasser und vieles mehr.<\/p>\n<p>Nach dem Junior Diver kannst Du in vielen i.a.c.-Clubs an Spezialkursen wie z. B. Tarieren, Gruppen- und Bootstauchen, Lebensraum Wasser usw. teilnehmen.<\/p>\n<p>Voraussetzungen<\/p>\n<ul>\n<li>Mind. 8 Jahre alt<\/li>\n<li>Nachweis \u00fcber Schwimmf\u00e4higkeit<\/li>\n<li>Nachweis \u00fcber den Gesundheitszustand<\/li>\n<\/ul>\n<p>Theoretische Ausbildung<\/p>\n<ul>\n<li>Tauchausr\u00fcstung kennen lernen und beschreiben<\/li>\n<li>Tauchgang beschreiben<\/li>\n<li>Einige UW-Tiere &amp; Pflanzen benennen &amp; einige gef\u00e4hrliche Arten kennen<\/li>\n<li>Gefahren beim Tauchen kennen<\/li>\n<li>Elementare UW-Zeichen kennen und anwenden<\/li>\n<\/ul>\n<p>Praktische Ausbildung<\/p>\n<ul>\n<ul>\n<ul>\n<li>ABC-\u00dcbungen &amp; Wasser-\/Nasereflex<\/li>\n<li>Richtiger Umgang mit der Ausr\u00fcstung<\/li>\n<li>Tauchger\u00e4t zusammenbauen und zerlegen<\/li>\n<li>An- und Ablegen der Ausr\u00fcstung in richtiger Reihenfolge<\/li>\n<li>Auf die Zeichen des Ausbilders achten und reagieren<\/li>\n<li>Richtiges ab- und auftauchen<\/li>\n<li>Kontroll- und Sicherheitsstopp<\/li>\n<li>Druckausgleich<\/li>\n<li>Mundst\u00fcck herausnehmen, Maske ausblasen, Mundst\u00fcck wieder in den Mund nehmen und weiteratmen<\/li>\n<li>Alle \u00dcbungen in Ruhe ohne Hektik durchf\u00fchren.<\/li>\n<\/ul>\n<\/ul>\n<\/ul>\n<p><a href=\"https:\/\/divevision.albinger.de\/wp-content\/uploads\/2015\/11\/Kindertauchen.png\"><img loading=\"lazy\" decoding=\"async\" class=\"alignnone size-full wp-image-371\" src=\"https:\/\/divevision.albinger.de\/wp-content\/uploads\/2015\/11\/Kindertauchen.png\" alt=\"Kindertauchen\" width=\"210\" height=\"132\" \/><\/a><\/p>\n<p><strong>Preis: auf Anfrage<\/strong><\/p>\n","protected":false},"excerpt":{"rendered":"<p>In diesem Kurs lernst Du die verschiedenen Teile Deiner Tauchausr\u00fcstung kennen und zusammen mit Deinem Tauchlehrer machst Du Deinen ersten Tauchgang. Au\u00dferdem erf\u00e4hrst Du interessante und wichtige Dinge \u00fcber UW-Tiere und Pflanzen, den richtigen Umgang mit Deiner Tauchausr\u00fcstung, das Verhalten <a class=\"more-link\" href=\"https:\/\/divevision.albinger.de\/?page_id=69\">Weiterlesen\u00a0\u2026<\/a><\/p>\n","protected":false},"author":1,"featured_media":0,"parent":67,"menu_order":0,"comment_status":"closed","ping_status":"closed","template":"","meta":{"footnotes":""},"class_list":["post-69","page","type-page","status-publish","hentry"],"_links":{"self":[{"href":"https:\/\/divevision.albinger.de\/index.php?rest_route=\/wp\/v2\/pages\/69","targetHints":{"allow":["GET"]}}],"collection":[{"href":"https:\/\/divevision.albinger.de\/index.php?rest_route=\/wp\/v2\/pages"}],"about":[{"href":"https:\/\/divevision.albinger.de\/index.php?rest_route=\/wp\/v2\/types\/page"}],"author":[{"embeddable":true,"href":"https:\/\/divevision.albinger.de\/index.php?rest_route=\/wp\/v2\/users\/1"}],"replies":[{"embeddable":true,"href":"https:\/\/divevision.albinger.de\/index.php?rest_route=%2Fwp%2Fv2%2Fcomments&post=69"}],"version-history":[{"count":0,"href":"https:\/\/divevision.albinger.de\/index.php?rest_route=\/wp\/v2\/pages\/69\/revisions"}],"up":[{"embeddable":true,"href":"https:\/\/divevision.albinger.de\/index.php?rest_route=\/wp\/v2\/pages\/67"}],"wp:attachment":[{"href":"https:\/\/divevision.albinger.de\/index.php?rest_route=%2Fwp%2Fv2%2Fmedia&parent=69"}],"curies":[{"name":"wp","href":"https:\/\/api.w.org\/{rel}","templated":true}]}}