{"id":720,"date":"2018-05-15T20:00:18","date_gmt":"2018-05-15T18:00:18","guid":{"rendered":"https:\/\/divevision.albinger.de\/?page_id=720"},"modified":"2018-05-15T20:03:42","modified_gmt":"2018-05-15T18:03:42","slug":"atemgas","status":"publish","type":"page","link":"https:\/\/divevision.albinger.de\/?page_id=720","title":{"rendered":"Atemgas"},"content":{"rendered":"<p><strong>Atemluft:<\/strong><br \/>\nDie F\u00fcrs tauchen notwendige Atemluft kann an meiner Au\u00dfenf\u00fcllanlage mittels eine Chip-Karte bezogen werden. Die Anlage Liefert Atemluft nach DIN 12021. Der Preis wird nach gef\u00fcllter Menge abgerechnet.<br \/>\nAktuell liegt der Preis bei 0,25Ct\/Liter. Dies entspricht ca. 5-6.-\u20ac f\u00fcr eine 12Liter Flasche mit 200bar.<br \/>\n<strong>F\u00fcllzeiten Mo-So von: 7-22 Uhr<\/strong><br \/>\nUm an dieser Anlage Tauchflaschen mit Atemluft f\u00fcllen zu k\u00f6nnen, muss einmalig bei mir eine Nutzungsvereinbarung Unterzeichnet werden, sowie eine Unterweisung erfolgen. Danach erh\u00e4ltst du eine Chip-Karte, mit welcher Du Dich autorisieren kannst. Die Unterweisung muss j\u00e4hrlich aktualisiert werden.<br \/>\nDeine Chipkarte kann nun mit einem von Dir bezahlten guthaben geladen werden. Beim F\u00fcllen Deiner Flaschen wird das Guthaben je nach F\u00fclldauer reduziert. Ist das F\u00fcllguthaben aufgebraucht, kann keine Atemluft mehr bezogen werden.<br \/>\nIch empfehle eine Aufladung rechtzeitig zu veranlassen.<\/p>\n<p><strong>Nitrox \/ Trimix<\/strong><br \/>\nWer Nitrox oder Trimix F\u00fcllungen ben\u00f6tigt kann diese nach telefonischer Anmeldung von mir erhalten.Vorausgesetzt die Druckluftflasche(n) sind f\u00fcr Sauerstoff geeignet..<\/p>\n<p><strong>Preise:<\/strong><br \/>\nAtemluft:\u00a0\u00a0\u00a0\u00a0 0,25 Ct \/ barLiter<br \/>\nSauerstoff: 1,00 Ct \/ barLiter<br \/>\nHelium:\u00a0\u00a0\u00a0\u00a0\u00a0\u00a0 4,00 Ct \/ barLiter<br \/>\nMindestpreis f\u00fcr Nitrox 7,5.-\u20ac \/ Flasche<\/p>\n<p><a  data-e-Disable-Page-Transition=\"true\" class=\"download-link\" title=\"\" href=\"https:\/\/divevision.albinger.de?download=726&amp;tmstv=1775734330\" rel=\"nofollow\" id=\"download-link-726\" data-redirect=\"false\" >\n\tF\u00fcllanleitung\t(1944 Downloads\t)\n<\/a>\n<br \/>\n<a  data-e-Disable-Page-Transition=\"true\" class=\"download-link\" title=\"\" href=\"https:\/\/divevision.albinger.de?download=722&amp;tmstv=1775734330\" rel=\"nofollow\" id=\"download-link-722\" data-redirect=\"false\" >\n\tNutzungsvereinbarung\t(1957 Downloads\t)\n<\/a>\n<br \/>\n<a  data-e-Disable-Page-Transition=\"true\" class=\"download-link\" title=\"\" href=\"https:\/\/divevision.albinger.de?download=705&amp;tmstv=1775734330\" rel=\"nofollow\" id=\"download-link-705\" data-redirect=\"false\" >\n\tAtemluft Din EN 12021\t(2091 Downloads\t)\n<\/a>\n<\/p>\n<p>F\u00fclladresse: DiveVision Edelwei\u00dfweg 36 D- 89269 V\u00f6hringen-Illerzell<br \/>\n<a href=\"https:\/\/goo.gl\/maps\/dmYCaJnNdvE2\" target=\"_blank\" rel=\"noopener\">DiveVision F\u00fcllposition<\/a><\/p>\n","protected":false},"excerpt":{"rendered":"<p>Atemluft: Die F\u00fcrs tauchen notwendige Atemluft kann an meiner Au\u00dfenf\u00fcllanlage mittels eine Chip-Karte bezogen werden. Die Anlage Liefert Atemluft nach DIN 12021. Der Preis wird nach gef\u00fcllter Menge abgerechnet. Aktuell liegt der Preis bei 0,25Ct\/Liter. Dies entspricht ca. 5-6.-\u20ac f\u00fcr <a class=\"more-link\" href=\"https:\/\/divevision.albinger.de\/?page_id=720\">Weiterlesen\u00a0\u2026<\/a><\/p>\n","protected":false},"author":1,"featured_media":0,"parent":0,"menu_order":0,"comment_status":"closed","ping_status":"closed","template":"","meta":{"footnotes":""},"class_list":["post-720","page","type-page","status-publish","hentry"],"_links":{"self":[{"href":"https:\/\/divevision.albinger.de\/index.php?rest_route=\/wp\/v2\/pages\/720","targetHints":{"allow":["GET"]}}],"collection":[{"href":"https:\/\/divevision.albinger.de\/index.php?rest_route=\/wp\/v2\/pages"}],"about":[{"href":"https:\/\/divevision.albinger.de\/index.php?rest_route=\/wp\/v2\/types\/page"}],"author":[{"embeddable":true,"href":"https:\/\/divevision.albinger.de\/index.php?rest_route=\/wp\/v2\/users\/1"}],"replies":[{"embeddable":true,"href":"https:\/\/divevision.albinger.de\/index.php?rest_route=%2Fwp%2Fv2%2Fcomments&post=720"}],"version-history":[{"count":4,"href":"https:\/\/divevision.albinger.de\/index.php?rest_route=\/wp\/v2\/pages\/720\/revisions"}],"predecessor-version":[{"id":729,"href":"https:\/\/divevision.albinger.de\/index.php?rest_route=\/wp\/v2\/pages\/720\/revisions\/729"}],"wp:attachment":[{"href":"https:\/\/divevision.albinger.de\/index.php?rest_route=%2Fwp%2Fv2%2Fmedia&parent=720"}],"curies":[{"name":"wp","href":"https:\/\/api.w.org\/{rel}","templated":true}]}}