{"id":73,"date":"2015-11-28T17:16:42","date_gmt":"2015-11-28T17:16:42","guid":{"rendered":"http:\/\/tauchsport-albinger.de\/?page_id=73"},"modified":"2015-11-28T17:16:42","modified_gmt":"2015-11-28T17:16:42","slug":"iac-junior-open-water-diver","status":"publish","type":"page","link":"https:\/\/divevision.albinger.de\/?page_id=73","title":{"rendered":"IAC Junior Open Water Diver"},"content":{"rendered":"<p>Inzwischen geh\u00f6rst Du ja schon zu den fortgeschrittenen Juniortauchern und daher erf\u00e4hrst Du in diesem Kurs nun z. B. etwas \u00fcber die physikalischen Grundlagen des Tauchens, die Pflege Deiner Tauchausr\u00fcstung und das richtige Verhalten in einer Tauchgruppe.<\/p>\n<p>Voraussetzungen<\/p>\n<ul>\n<li>Mind. 10 Jahre alt<\/li>\n<li>Nachweis \u00fcber Schwimmf\u00e4higkeit<\/li>\n<li>Nachweis \u00fcber <a href=\"https:\/\/divevision.albinger.de\/?page_id=69\">Junior Diver<\/a>\/<a href=\"https:\/\/divevision.albinger.de\/?page_id=71\">Junior Scuba Diver<\/a> Brevet<\/li>\n<li>Nachweis \u00fcber den Gesundheitszustand<\/li>\n<\/ul>\n<p>Theoretische Ausbildung<\/p>\n<ul>\n<li>Ablauf des Tauchgangs beschreiben<\/li>\n<li>Grundz\u00fcge der physikalischen Gesetzm\u00e4\u00dfigkeiten<\/li>\n<li>Auswirkungen des Drucks auf den menschlichen K\u00f6rper<\/li>\n<li>Sicherheitsregeln in der Gruppe &amp; Taucherflaggen<\/li>\n<li>Weitere Gefahren beim Tauchen<\/li>\n<\/ul>\n<p>Praktische Ausbildung<\/p>\n<ul>\n<ul>\n<li>ABC-\u00dcbungen<\/li>\n<li>Wiederholung aus dem Programm vom Junior Scuba Diver<\/li>\n<li>Ausr\u00fcstung kennen, vorbereiten &amp; \u00fcberpr\u00fcfen<\/li>\n<li>Schutz des Atemreglers vor Schmutz &amp; Besch\u00e4digung<\/li>\n<li>Ausr\u00fcstung s\u00e4ubern. trocknen &amp; pflegen<\/li>\n<li>R\u00fccksicht nehmen<\/li>\n<li>Sicherung innerhalb der Gruppe<\/li>\n<li>In der H\u00f6he des Ausbilders bleiben<\/li>\n<li>Buddy Check in 3 m Tiefenbereich<\/li>\n<li>Informieren des Ausbilders \u00fcber Zeichen oder Probleme<\/li>\n<li>Schnorcheln an der Oberfl\u00e4che<\/li>\n<li>Kleine Gruppenf\u00fchrung<\/li>\n<\/ul>\n<\/ul>\n<p><a href=\"https:\/\/divevision.albinger.de\/wp-content\/uploads\/2015\/11\/Kindertauchen.png\"><img loading=\"lazy\" decoding=\"async\" class=\"alignnone size-full wp-image-371\" src=\"https:\/\/divevision.albinger.de\/wp-content\/uploads\/2015\/11\/Kindertauchen.png\" alt=\"Kindertauchen\" width=\"210\" height=\"132\" \/><\/a><\/p>\n<p><strong>Preis: auf Anfrage<\/strong><\/p>\n","protected":false},"excerpt":{"rendered":"<p>Inzwischen geh\u00f6rst Du ja schon zu den fortgeschrittenen Juniortauchern und daher erf\u00e4hrst Du in diesem Kurs nun z. B. etwas \u00fcber die physikalischen Grundlagen des Tauchens, die Pflege Deiner Tauchausr\u00fcstung und das richtige Verhalten in einer Tauchgruppe. Voraussetzungen Mind. 10 <a class=\"more-link\" href=\"https:\/\/divevision.albinger.de\/?page_id=73\">Weiterlesen\u00a0\u2026<\/a><\/p>\n","protected":false},"author":1,"featured_media":0,"parent":67,"menu_order":0,"comment_status":"closed","ping_status":"closed","template":"","meta":{"footnotes":""},"class_list":["post-73","page","type-page","status-publish","hentry"],"_links":{"self":[{"href":"https:\/\/divevision.albinger.de\/index.php?rest_route=\/wp\/v2\/pages\/73","targetHints":{"allow":["GET"]}}],"collection":[{"href":"https:\/\/divevision.albinger.de\/index.php?rest_route=\/wp\/v2\/pages"}],"about":[{"href":"https:\/\/divevision.albinger.de\/index.php?rest_route=\/wp\/v2\/types\/page"}],"author":[{"embeddable":true,"href":"https:\/\/divevision.albinger.de\/index.php?rest_route=\/wp\/v2\/users\/1"}],"replies":[{"embeddable":true,"href":"https:\/\/divevision.albinger.de\/index.php?rest_route=%2Fwp%2Fv2%2Fcomments&post=73"}],"version-history":[{"count":0,"href":"https:\/\/divevision.albinger.de\/index.php?rest_route=\/wp\/v2\/pages\/73\/revisions"}],"up":[{"embeddable":true,"href":"https:\/\/divevision.albinger.de\/index.php?rest_route=\/wp\/v2\/pages\/67"}],"wp:attachment":[{"href":"https:\/\/divevision.albinger.de\/index.php?rest_route=%2Fwp%2Fv2%2Fmedia&parent=73"}],"curies":[{"name":"wp","href":"https:\/\/api.w.org\/{rel}","templated":true}]}}