{"id":735,"date":"2018-05-23T14:57:17","date_gmt":"2018-05-23T12:57:17","guid":{"rendered":"https:\/\/divevision.albinger.de\/?page_id=735"},"modified":"2018-08-14T22:29:40","modified_gmt":"2018-08-14T20:29:40","slug":"datenschutzerklaerung","status":"publish","type":"page","link":"https:\/\/divevision.albinger.de\/?page_id=735","title":{"rendered":"Datenschutzerkl\u00e4rung"},"content":{"rendered":"<p>Auf dieser Seite informieren wir Sie \u00fcber die Verarbeitung Ihrer personenbezogenen Daten bei Nutzung der Webseite von DiveVision.<\/p>\n<p>Verantwortliche Stelle:<br \/>\nDiveVision<br \/>\nManfred Albinger<br \/>\nEdelwei\u00dfweg 36<br \/>\nTel: +49 7307 9475-0 Fax: +49 7307 9475-18<br \/>\nE-Mail: DiveVision@albinger.de<\/p>\n<p>Wie werden Daten auf dieser Website erfasst und verarbeitet?<br \/>\nDiese Website verarbeitet personenbezogene Daten von Nutzerinnen und Nutzern, um eine funktionsf\u00e4hige Website bereitzustellen und um weitere Leistungen zu erbringen.<\/p>\n<p>Mit sog. Cookies werden Informationen im Browser der Nutzerin oder des Nutzers abgelegt. Von uns eingesetzte Cookies dienen der Benutzerfreundlichkeit der Webseiten (z.B. Spracheinstellung, Speicherung der erfolgreichen Anmeldung zur Vermeidung mehrfacher Passwortabfragen, Unterst\u00fctzung bei Eingabeformularen). Nutzerinnen und Nutzer k\u00f6nnen den Einsatz von Cookies \u00fcber Browserfunktionen einschr\u00e4nken oder verhindern, was allerdings Einschr\u00e4nkungen der Funktionalit\u00e4t zur Folge haben kann. Nicht alle hier beschriebenen Cookie-relevanten Funktionalit\u00e4ten werden zum heutigen Zeitpunkt bereits genutzt, sondern entsprechen zum Teil einem sp\u00e4teren gew\u00fcnschten Entwicklungsstand der Website. Wir weisen Sie dennoch bereits heute darauf hin.<\/p>\n<p>Logfiles werden nur mit gek\u00fcrzten IP-Adressen angelegt, so dass dort keine Daten vorhanden sind, die eine Identifizierbarkeit von Nutzern zur Folge haben.<\/p>\n<p>Personenbezogene Daten werden dar\u00fcber hinaus mittels unseres Online-Kontakt-Formulars erfasst. Dieses Online-Kontakt-Formular hat den Zweck, Ihre Anfragen zu beantworten. Die Rechtsgrundlage ist EU-DSGVO Art. 6 Abs. 1 Buchst. a DS-GVO \u2013 Einwilligung<\/p>\n<p>Alle Angaben im Rahmen einer Einwilligung sind freiwillig. Die Angaben im Rahmen der gew\u00fcnschten Aufgabenerf\u00fcllung erforderlich, so dass ohne die Angaben die Leistung nicht erbracht werden kann.<\/p>\n<p>Wenn die Daten im Rahmen einer Einwilligung verarbeitet werden, k\u00f6nnen betroffene Personen eine Einwilligung jederzeit wieder zur\u00fcckziehen. Damit werden bereits durchgef\u00fchrte Verarbeitungen nicht unrechtm\u00e4\u00dfig.<\/p>\n<p>Die in diese Formulare einzugebenden personenbezogenen Daten werden verschl\u00fcsselt an die Gesch\u00e4ftsstelle \u00fcbertragen und dort verarbeitet. Die Daten werden solange aufbewahrt, wie es f\u00fcr die Erf\u00fcllung des jeweiligen Zwecks erforderlich ist. In Einzelf\u00e4llen k\u00f6nnen aus den Anfragen Gesch\u00e4ftsvorf\u00e4lle entstehen, f\u00fcr die gesetzliche Aufbewahrungsfristen einzuhalten sind.<\/p>\n<p>Einbindung und Verlinkung von Diensten und Inhalten Dritter<br \/>\nEs kann vorkommen, dass innerhalb dieses Onlineangebotes auf Inhalte Dritter verwiesen wird oder dass solche Inhalte eingebunden werden. Wir k\u00f6nnen keine Verantwortung f\u00fcr die Datenschutzpraktiken anderer Websites \u00fcbernehmen. Unsere Datenschutzerkl\u00e4rung ausschlie\u00dflich f\u00fcr Daten, die auf dieser Website erfasst werden.<\/p>\n<p>E-Mail-Kontakt<br \/>\nBei der Kontaktaufnahme mit uns per Email werden die von Ihnen mitgeteilten Daten (Email-Adresse, weitere von Ihnen gemachte Angaben) von uns verarbeitet und gespeichert, um ihre Fragen zu beantworten. Je nach Inhalt ihrer Mail handelt es sich um Freiwillige Angaben (Rechtsgrundlage EU-DSGVO Art. 6 Abs. 1 Buchst. a) oder einem anderen Vertragsverh\u00e4ltnis stehen (Rechtsgrundlage Art. 6 Abs. 1 Buchst. b).<\/p>\n<p>Grunds\u00e4tzlich ist die Kontaktaufnahme per Email nicht als sicher anzusehen. Wenn Sie sicher sein wollen, dass Ihre E-Mail auf dem Weg zu uns ungelesen bleibt, verschl\u00fcsseln Sie Ihre Nachricht und teilen uns die Schl\u00fcsseldaten \u00fcber Telefon oder Telefax mit. Die notwendigen Angaben zu dieser Form der Kommunikation finden Sie im Impressum dieser Website und am Ende dieser Datenschutzerkl\u00e4rung.<\/p>\n<p>Sicherheit Ihrer pers\u00f6nlichen Daten<br \/>\nWir setzen technische und organisatorische Sicherheitsma\u00dfnahmen ein, um Ihre Daten vor Zugriff und Missbrauch durch unberechtigte Personen zu sch\u00fctzen. Diese Sicherungsma\u00dfnahmen werden entsprechend der technologischen Entwicklung und unter Ber\u00fccksichtigung der jeweils ma\u00dfgebenden Rechtsvorschriften angepasst.<\/p>\n<p>Betroffenenrechte<br \/>\nNutzerinnen und Nutzer k\u00f6nnen eine Best\u00e4tigung dar\u00fcber verlangen, ob personenbezogene Daten, die sie betreffen, verarbeitet werden. Falls eine solche Verarbeitung vorliegt k\u00f6nnen sie Auskunft \u00fcber den Zweck, die Daten, die Herkunft der Daten, Empf\u00e4nger von sowie die Dauer der Speicherung erhalten.<\/p>\n<p>Zus\u00e4tzlich haben Nutzerinnen und Nutzer das Recht auf Korrektur unrichtiger Daten, Einschr\u00e4nkung der Verarbeitung und L\u00f6schung seiner\/ihrer personenbezogenen Daten. Einwilligungen k\u00f6nnen jederzeit durch Kontaktaufnahme mit der Gesch\u00e4ftsstelle widerrufen werden. Die Rechtm\u00e4\u00dfigkeit der Verarbeitung die bereits stattgefunden hat bleibt davon unber\u00fchrt. Weiterhin kann f\u00fcr bestimmte zur Verf\u00fcgung gestellte Inhalte ein Recht auf Daten\u00fcbertragbarkeit bestehen.<\/p>\n<p>Nutzerinnen und Nutzer haben das Recht unsere f\u00fcr den Datenschutz zust\u00e4ndige verantwortliche Person und die zust\u00e4ndige Aufsichtsbeh\u00f6rde f\u00fcr den Datenschutz zu kontaktieren.<\/p>\n<p>Sie erreichen unsere f\u00fcr den Datenschutz zust\u00e4ndige Person unter:<br \/>\n(Ein Datenschutzbeauftragter ist wegen der geringen Anzahl der Personen, die personenbezogene Daten verarbeiten und wegen des hierf\u00fcr nicht relevanten Zwecks der Verarbeitung personenbezogener Daten, in unserer Firma nicht bestellt.)<\/p>\n<p>DiveVision<br \/>\nManfred Albinger<br \/>\nEdelwei\u00dfweg 36<br \/>\nTel: +49 7307 9475-0 Fax: +49 7307 9475-18<br \/>\nE-Mail: DiveVision@albinger.de<\/p>\n<p>Zust\u00e4ndige Datenschutz-Aufsichtsbeh\u00f6rden:<\/p>\n<p>Landesamt f\u00fcr Datenschutzaufsicht Bayern<br \/>\nPromenade 27 (Schloss)<br \/>\n91522 Ansbach<br \/>\nTelefon: 0981\/53-1300<br \/>\nTelefax: 0981\/53-5300<br \/>\nE-Mail: poststelle@lda.bayern.de<br \/>\nHomepage: www.lda.bayern.de<\/p>\n","protected":false},"excerpt":{"rendered":"<p>Auf dieser Seite informieren wir Sie \u00fcber die Verarbeitung Ihrer personenbezogenen Daten bei Nutzung der Webseite von DiveVision. Verantwortliche Stelle: DiveVision Manfred Albinger Edelwei\u00dfweg 36 Tel: +49 7307 9475-0 Fax: +49 7307 9475-18 E-Mail: DiveVision@albinger.de Wie werden Daten auf dieser <a class=\"more-link\" href=\"https:\/\/divevision.albinger.de\/?page_id=735\">Weiterlesen\u00a0\u2026<\/a><\/p>\n","protected":false},"author":1,"featured_media":0,"parent":0,"menu_order":0,"comment_status":"closed","ping_status":"closed","template":"","meta":{"footnotes":""},"class_list":["post-735","page","type-page","status-publish","hentry"],"_links":{"self":[{"href":"https:\/\/divevision.albinger.de\/index.php?rest_route=\/wp\/v2\/pages\/735","targetHints":{"allow":["GET"]}}],"collection":[{"href":"https:\/\/divevision.albinger.de\/index.php?rest_route=\/wp\/v2\/pages"}],"about":[{"href":"https:\/\/divevision.albinger.de\/index.php?rest_route=\/wp\/v2\/types\/page"}],"author":[{"embeddable":true,"href":"https:\/\/divevision.albinger.de\/index.php?rest_route=\/wp\/v2\/users\/1"}],"replies":[{"embeddable":true,"href":"https:\/\/divevision.albinger.de\/index.php?rest_route=%2Fwp%2Fv2%2Fcomments&post=735"}],"version-history":[{"count":7,"href":"https:\/\/divevision.albinger.de\/index.php?rest_route=\/wp\/v2\/pages\/735\/revisions"}],"predecessor-version":[{"id":754,"href":"https:\/\/divevision.albinger.de\/index.php?rest_route=\/wp\/v2\/pages\/735\/revisions\/754"}],"wp:attachment":[{"href":"https:\/\/divevision.albinger.de\/index.php?rest_route=%2Fwp%2Fv2%2Fmedia&parent=735"}],"curies":[{"name":"wp","href":"https:\/\/api.w.org\/{rel}","templated":true}]}}