{"id":77,"date":"2015-11-28T17:18:49","date_gmt":"2015-11-28T17:18:49","guid":{"rendered":"http:\/\/tauchsport-albinger.de\/?page_id=77"},"modified":"2015-11-28T17:18:49","modified_gmt":"2015-11-28T17:18:49","slug":"iac-aed-pad","status":"publish","type":"page","link":"https:\/\/divevision.albinger.de\/?page_id=77","title":{"rendered":"IAC AED-PAD"},"content":{"rendered":"<p>Die h\u00e4ufigste Ursache des pl\u00f6tzlichen Herzstillstands ist das Kammerflimmern. Der unverz\u00fcgliche Einsatz eines AED (Automatischer Externer Defibrillator) ist der wirksamste Weg, um die normale Herzt\u00e4tigkeit wiederherzustellen. Die besten \u00dcberlebenschancen hat der Betroffene, wenn die Defibrillation innerhalb von 5 Minuten erfolgt. In dieser Situation kommt der Laien-Defibrillator zum Einsatz. Da Du als Ersthelfer vor Ort bist, kannst Du mit dem AED Leben retten. In Deiner Tauchschule wirst Du in einem speziellen Kurs mit dem AED vertraut gemacht.<\/p>\n<p>Voraussetzungen<\/p>\n<ul>\n<li>Nachweis von einem <a href=\"https:\/\/divevision.albinger.de\/?page_id=42\">OWD oder CMAS* Brevet<\/a><\/li>\n<li>Mind. 12 Jahre alt<\/li>\n<\/ul>\n<p>Theoretische Ausbildung<\/p>\n<ul>\n<li>Reanimation<\/li>\n<li>Anatomie und Physiologie des Herzens<\/li>\n<li>Warnzeichen erkennen<\/li>\n<li>Technische Eigenschaften des AED\/PAD-Ger\u00e4tes<\/li>\n<li>Einsatz in der Praxis<\/li>\n<li>Pflege und Wartung<\/li>\n<\/ul>\n<p>Praktische Ausbildung<\/p>\n<ul>\n<li>Richtige Anwendung des Ger\u00e4tes<\/li>\n<li>Einspannen eines Helfers<\/li>\n<li>Besondere Situationen (Kinder, implantierter Schrittmacher&#8230;)<\/li>\n<li>Vorgehensweise bei pl\u00f6tzlicher Bewusstlosigkeit<\/li>\n<li>Masken-Beatmung<\/li>\n<li>Herzdruckmassage-Technik<\/li>\n<li>uvm.<\/li>\n<\/ul>\n<p><a href=\"https:\/\/divevision.albinger.de\/wp-content\/uploads\/2015\/11\/Specialty-Diver.png\"><img loading=\"lazy\" decoding=\"async\" class=\"alignnone size-full wp-image-380\" src=\"https:\/\/divevision.albinger.de\/wp-content\/uploads\/2015\/11\/Specialty-Diver.png\" alt=\"Specialty-Diver\" width=\"210\" height=\"132\" \/><\/a><\/p>\n<p><strong>Kurs wird im Moment nicht angeboten.<\/strong><\/p>\n","protected":false},"excerpt":{"rendered":"<p>Die h\u00e4ufigste Ursache des pl\u00f6tzlichen Herzstillstands ist das Kammerflimmern. Der unverz\u00fcgliche Einsatz eines AED (Automatischer Externer Defibrillator) ist der wirksamste Weg, um die normale Herzt\u00e4tigkeit wiederherzustellen. Die besten \u00dcberlebenschancen hat der Betroffene, wenn die Defibrillation innerhalb von 5 Minuten erfolgt. <a class=\"more-link\" href=\"https:\/\/divevision.albinger.de\/?page_id=77\">Weiterlesen\u00a0\u2026<\/a><\/p>\n","protected":false},"author":1,"featured_media":0,"parent":75,"menu_order":0,"comment_status":"closed","ping_status":"closed","template":"","meta":{"footnotes":""},"class_list":["post-77","page","type-page","status-publish","hentry"],"_links":{"self":[{"href":"https:\/\/divevision.albinger.de\/index.php?rest_route=\/wp\/v2\/pages\/77","targetHints":{"allow":["GET"]}}],"collection":[{"href":"https:\/\/divevision.albinger.de\/index.php?rest_route=\/wp\/v2\/pages"}],"about":[{"href":"https:\/\/divevision.albinger.de\/index.php?rest_route=\/wp\/v2\/types\/page"}],"author":[{"embeddable":true,"href":"https:\/\/divevision.albinger.de\/index.php?rest_route=\/wp\/v2\/users\/1"}],"replies":[{"embeddable":true,"href":"https:\/\/divevision.albinger.de\/index.php?rest_route=%2Fwp%2Fv2%2Fcomments&post=77"}],"version-history":[{"count":0,"href":"https:\/\/divevision.albinger.de\/index.php?rest_route=\/wp\/v2\/pages\/77\/revisions"}],"up":[{"embeddable":true,"href":"https:\/\/divevision.albinger.de\/index.php?rest_route=\/wp\/v2\/pages\/75"}],"wp:attachment":[{"href":"https:\/\/divevision.albinger.de\/index.php?rest_route=%2Fwp%2Fv2%2Fmedia&parent=77"}],"curies":[{"name":"wp","href":"https:\/\/api.w.org\/{rel}","templated":true}]}}