{"id":79,"date":"2015-11-28T17:19:52","date_gmt":"2015-11-28T17:19:52","guid":{"rendered":"http:\/\/tauchsport-albinger.de\/?page_id=79"},"modified":"2015-11-28T17:19:52","modified_gmt":"2015-11-28T17:19:52","slug":"iac-hlw-o2","status":"publish","type":"page","link":"https:\/\/divevision.albinger.de\/?page_id=79","title":{"rendered":"IAC HLW \/ O2"},"content":{"rendered":"<p>Der Einf\u00fchrungskurs in die Tauchrettung. In diesem Kurs lernst Du die wichtigsten Dinge f\u00fcr die Erstversorgung und wie Du rasch in einem Notfall helfen kannst. Au\u00dferdem wird der Gebrauch von Sauerstoffkoffern und dem Notfallsystem erkl\u00e4rt.<\/p>\n<p>Ein Taucher sollte immer in der Lage sein die Erstversorgung eines verunfallten Tauchers bis zum Eintreffen professioneller Hilfe zu gew\u00e4hrleisten.<\/p>\n<p><b>Mann hat oft nicht viele M\u00f6glichkeiten, Leben zu retten. Doch diese muss man nutzen.<\/b><\/p>\n<p>Der Kurs ist Voraussetzung um die Ausbildung zum <a href=\"https:\/\/divevision.albinger.de\/?page_id=44\">CMAS **<\/a> Taucher beginnen zu k\u00f6nnen.<\/p>\n<p>Theoretische Ausbildung<\/p>\n<ul>\n<li>Reanimation<\/li>\n<li>Anatomie &amp; Physiologie der Atmungsorgane<\/li>\n<li>Anatomie &amp; Physiologie der Herz-Kreislauf-Organe<\/li>\n<li>Dekompression<\/li>\n<li>Wirkung von Sauerstoff, Sauerstoffabgabe nach Tauchunf\u00e4llen<\/li>\n<li>Sauerstoffsysteme<\/li>\n<li>Notfallkoffer<\/li>\n<\/ul>\n<p>Praktische Ausbildung<\/p>\n<ul>\n<li>Ein-Helfer- und Zwei-Helfer-Methode<\/li>\n<li>Stabile Seitenlage und Schocklage<\/li>\n<li>Notfallkoffer<\/li>\n<li>Sauerstoffmasken mit &amp; ohne Beatmungsbeutel<\/li>\n<li>R\u00fcckatmungssystem Wenoll<\/li>\n<li>Demandsystem<\/li>\n<\/ul>\n<p><a href=\"https:\/\/divevision.albinger.de\/wp-content\/uploads\/2015\/11\/Specialty-Diver.png\"><img loading=\"lazy\" decoding=\"async\" class=\"alignnone size-full wp-image-380\" src=\"https:\/\/divevision.albinger.de\/wp-content\/uploads\/2015\/11\/Specialty-Diver.png\" alt=\"Specialty-Diver\" width=\"210\" height=\"132\" \/><\/a><\/p>\n<div class=\"content2\">\n<div class=\"content2-container line-box\">\n<div class=\"content2-container-1col\">\n<div class=\"content-txtbox-noshade\">\n<div id=\"c310\" class=\"csc-default\">\n<div id=\"c309\" class=\"csc-default\">\n<p><u>Voraussetzungen:<\/u><br \/>\n12 Jahre, bei Minderj\u00e4hrigen Einverst\u00e4ndniserkl\u00e4rung der Elter, <a href=\"https:\/\/divevision.albinger.de\/?page_id=42\">CMAS *<\/a> oder <a  data-e-Disable-Page-Transition=\"true\" class=\"download-link\" title=\"\" href=\"https:\/\/divevision.albinger.de?download=193&amp;tmstv=1777040076\" rel=\"nofollow\" id=\"download-link-193\" data-redirect=\"false\" >\n\t\u00c4rztliche Untersuchung\t(11825 Downloads\t)\n<\/a>\n.<\/p>\n<div id=\"c308\" class=\"csc-default\">\n<p><b>Preis: 100.-\u20ac<\/b><\/p>\n<div id=\"c307\" class=\"csc-default\">\n<h1>Neue Richtlinien ERC 2005<\/h1>\n<div class=\"csc-textpic csc-textpic-center csc-textpic-below\">\n<div class=\"csc-textpic-text\">\n<p>Sofort nachdem Feststellen der Bewusstlosigkeit wird der Notruf eingeleitet. Sind keine Lebenszeichen vorhanden, wird sofort mit der Herzlungenwiederbelebung (HLW) begonnen. Es gilt ab sofort 30 : 2. Hei\u00dft 30 Herzdruckmassagen dann 2x Beatmen.<\/p>\n<\/div>\n<\/div>\n<\/div>\n<\/div>\n<\/div>\n<\/div>\n<\/div>\n<\/div>\n<\/div>\n<\/div>\n","protected":false},"excerpt":{"rendered":"<p>Der Einf\u00fchrungskurs in die Tauchrettung. In diesem Kurs lernst Du die wichtigsten Dinge f\u00fcr die Erstversorgung und wie Du rasch in einem Notfall helfen kannst. Au\u00dferdem wird der Gebrauch von Sauerstoffkoffern und dem Notfallsystem erkl\u00e4rt. Ein Taucher sollte immer in <a class=\"more-link\" href=\"https:\/\/divevision.albinger.de\/?page_id=79\">Weiterlesen\u00a0\u2026<\/a><\/p>\n","protected":false},"author":1,"featured_media":0,"parent":75,"menu_order":0,"comment_status":"closed","ping_status":"closed","template":"","meta":{"footnotes":""},"class_list":["post-79","page","type-page","status-publish","hentry"],"_links":{"self":[{"href":"https:\/\/divevision.albinger.de\/index.php?rest_route=\/wp\/v2\/pages\/79","targetHints":{"allow":["GET"]}}],"collection":[{"href":"https:\/\/divevision.albinger.de\/index.php?rest_route=\/wp\/v2\/pages"}],"about":[{"href":"https:\/\/divevision.albinger.de\/index.php?rest_route=\/wp\/v2\/types\/page"}],"author":[{"embeddable":true,"href":"https:\/\/divevision.albinger.de\/index.php?rest_route=\/wp\/v2\/users\/1"}],"replies":[{"embeddable":true,"href":"https:\/\/divevision.albinger.de\/index.php?rest_route=%2Fwp%2Fv2%2Fcomments&post=79"}],"version-history":[{"count":0,"href":"https:\/\/divevision.albinger.de\/index.php?rest_route=\/wp\/v2\/pages\/79\/revisions"}],"up":[{"embeddable":true,"href":"https:\/\/divevision.albinger.de\/index.php?rest_route=\/wp\/v2\/pages\/75"}],"wp:attachment":[{"href":"https:\/\/divevision.albinger.de\/index.php?rest_route=%2Fwp%2Fv2%2Fmedia&parent=79"}],"curies":[{"name":"wp","href":"https:\/\/api.w.org\/{rel}","templated":true}]}}