{"id":81,"date":"2015-11-28T17:22:05","date_gmt":"2015-11-28T17:22:05","guid":{"rendered":"http:\/\/tauchsport-albinger.de\/?page_id=81"},"modified":"2015-11-28T17:22:05","modified_gmt":"2015-11-28T17:22:05","slug":"iac-orientierung","status":"publish","type":"page","link":"https:\/\/divevision.albinger.de\/?page_id=81","title":{"rendered":"IAC Orientierung"},"content":{"rendered":"<p>Du lernst die verschiedenen Orientierungsm\u00f6glichkeiten (technische, nat\u00fcrliche) kennen. In diesem Kurs wird Dir das Handwerkszeug erkl\u00e4rt, um wieder sicher an den Ausgangspunkt zur\u00fcck zu kommen. Eine gute Orientierung unter Wasser gibt Dir mehr Sicherheit und Spa\u00df beim Tauchen.<\/p>\n<p>Der Kurs ist au\u00dferdem die Voraussetzung um die Ausbildung zum <a href=\"https:\/\/divevision.albinger.de\/?page_id=44\">CMAS **<\/a> Taucher zu beginnen.<\/p>\n<p><a href=\"https:\/\/divevision.albinger.de\/wp-content\/uploads\/2015\/11\/Specialty-Diver.png\"><img loading=\"lazy\" decoding=\"async\" class=\"alignnone size-full wp-image-380\" src=\"https:\/\/divevision.albinger.de\/wp-content\/uploads\/2015\/11\/Specialty-Diver.png\" alt=\"Specialty-Diver\" width=\"210\" height=\"132\" \/><\/a><\/p>\n<div id=\"c313\" class=\"csc-default\">\n<p><u>Voraussetzungen:<\/u><br \/>\n14 Jahre, bei Minderj\u00e4hrigen Einverst\u00e4ndniserkl\u00e4rung der Elter, <a  data-e-Disable-Page-Transition=\"true\" class=\"download-link\" title=\"\" href=\"https:\/\/divevision.albinger.de?download=187&amp;tmstv=1778588283\" rel=\"nofollow\" id=\"download-link-187\" data-redirect=\"false\" >\n\tEquivalenzliste Sporttaucher\t(10945 Downloads\t)\n<\/a>\n, <a href=\"https:\/\/divevision.albinger.de\/?page_id=42\">CMAS *<\/a> oder <a  data-e-Disable-Page-Transition=\"true\" class=\"download-link\" title=\"\" href=\"https:\/\/divevision.albinger.de?download=193&amp;tmstv=1778588283\" rel=\"nofollow\" id=\"download-link-193\" data-redirect=\"false\" >\n\t\u00c4rztliche Untersuchung\t(12715 Downloads\t)\n<\/a>\n.<\/p>\n<\/div>\n<div id=\"c312\" class=\"csc-default\">\n<p><b>Preis: 175.-\u20ac<\/b><\/p>\n<\/div>\n","protected":false},"excerpt":{"rendered":"<p>Du lernst die verschiedenen Orientierungsm\u00f6glichkeiten (technische, nat\u00fcrliche) kennen. In diesem Kurs wird Dir das Handwerkszeug erkl\u00e4rt, um wieder sicher an den Ausgangspunkt zur\u00fcck zu kommen. Eine gute Orientierung unter Wasser gibt Dir mehr Sicherheit und Spa\u00df beim Tauchen. Der Kurs <a class=\"more-link\" href=\"https:\/\/divevision.albinger.de\/?page_id=81\">Weiterlesen\u00a0\u2026<\/a><\/p>\n","protected":false},"author":1,"featured_media":0,"parent":75,"menu_order":0,"comment_status":"closed","ping_status":"closed","template":"","meta":{"footnotes":""},"class_list":["post-81","page","type-page","status-publish","hentry"],"_links":{"self":[{"href":"https:\/\/divevision.albinger.de\/index.php?rest_route=\/wp\/v2\/pages\/81","targetHints":{"allow":["GET"]}}],"collection":[{"href":"https:\/\/divevision.albinger.de\/index.php?rest_route=\/wp\/v2\/pages"}],"about":[{"href":"https:\/\/divevision.albinger.de\/index.php?rest_route=\/wp\/v2\/types\/page"}],"author":[{"embeddable":true,"href":"https:\/\/divevision.albinger.de\/index.php?rest_route=\/wp\/v2\/users\/1"}],"replies":[{"embeddable":true,"href":"https:\/\/divevision.albinger.de\/index.php?rest_route=%2Fwp%2Fv2%2Fcomments&post=81"}],"version-history":[{"count":0,"href":"https:\/\/divevision.albinger.de\/index.php?rest_route=\/wp\/v2\/pages\/81\/revisions"}],"up":[{"embeddable":true,"href":"https:\/\/divevision.albinger.de\/index.php?rest_route=\/wp\/v2\/pages\/75"}],"wp:attachment":[{"href":"https:\/\/divevision.albinger.de\/index.php?rest_route=%2Fwp%2Fv2%2Fmedia&parent=81"}],"curies":[{"name":"wp","href":"https:\/\/api.w.org\/{rel}","templated":true}]}}