{"id":83,"date":"2015-11-28T17:23:11","date_gmt":"2015-11-28T17:23:11","guid":{"rendered":"http:\/\/tauchsport-albinger.de\/?page_id=83"},"modified":"2015-11-28T17:23:11","modified_gmt":"2015-11-28T17:23:11","slug":"iac-gruppenfuehrung","status":"publish","type":"page","link":"https:\/\/divevision.albinger.de\/?page_id=83","title":{"rendered":"IAC Gruppenf\u00fchrung"},"content":{"rendered":"<p>Dieser Kurs vermittelt Dir Kenntnisse die zum selbst\u00e4ndigen F\u00fchren einer Tauchgruppe notwendig sind. Inhalt sind das Briefing, die Durchf\u00fchrung und Nachbesprechung, sowie die speziellen Aufgaben des Tauchf\u00fchrers in der Gruppe.<\/p>\n<p>Es wird in Zweier- oder Dreiergruppen getaucht. Dadurch kann jeder auch aus der Sicht des Mittauchers die Tauchg\u00e4nge verfolgen.<\/p>\n<p>Weiterhin wird besonders darauf Wert gelegt, auch scheinbar unbedeutenden Ereignissen die notwendige Aufmerksamkeit zu schenken.<\/p>\n<p>Das Spezialbrevet Gruppenf\u00fchrung ist Voraussetzung, um mit der Ausbildung zum <a href=\"https:\/\/divevision.albinger.de\/?page_id=44\">CMAS **<\/a> Taucher beginnen zu k\u00f6nnen.<\/p>\n<p><img loading=\"lazy\" decoding=\"async\" class=\"alignnone size-full wp-image-380\" src=\"https:\/\/divevision.albinger.de\/wp-content\/uploads\/2015\/11\/Specialty-Diver.png\" alt=\"Specialty-Diver\" width=\"210\" height=\"132\" \/><\/p>\n<div id=\"c317\" class=\"csc-default\">\n<p><u>Voraussetzungen:<\/u><br \/>\n14 Jahre, bei Minderj\u00e4hrigen Einverst\u00e4ndniserkl\u00e4rung der Elter, <a  data-e-Disable-Page-Transition=\"true\" class=\"download-link\" title=\"\" href=\"https:\/\/divevision.albinger.de?download=187&amp;tmstv=1777040570\" rel=\"nofollow\" id=\"download-link-187\" data-redirect=\"false\" >\n\tEquivalenzliste Sporttaucher\t(10153 Downloads\t)\n<\/a>\n, <a href=\"https:\/\/divevision.albinger.de\/?page_id=42\">CMAS *<\/a> oder <a  data-e-Disable-Page-Transition=\"true\" class=\"download-link\" title=\"\" href=\"https:\/\/divevision.albinger.de?download=193&amp;tmstv=1777040570\" rel=\"nofollow\" id=\"download-link-193\" data-redirect=\"false\" >\n\t\u00c4rztliche Untersuchung\t(11827 Downloads\t)\n<\/a>\n.<\/p>\n<\/div>\n<div id=\"c316\" class=\"csc-default\">\n<p><b>Preis: 175.-\u20ac<\/b><\/p>\n<\/div>\n","protected":false},"excerpt":{"rendered":"<p>Dieser Kurs vermittelt Dir Kenntnisse die zum selbst\u00e4ndigen F\u00fchren einer Tauchgruppe notwendig sind. Inhalt sind das Briefing, die Durchf\u00fchrung und Nachbesprechung, sowie die speziellen Aufgaben des Tauchf\u00fchrers in der Gruppe. Es wird in Zweier- oder Dreiergruppen getaucht. Dadurch kann jeder <a class=\"more-link\" href=\"https:\/\/divevision.albinger.de\/?page_id=83\">Weiterlesen\u00a0\u2026<\/a><\/p>\n","protected":false},"author":1,"featured_media":0,"parent":75,"menu_order":0,"comment_status":"closed","ping_status":"closed","template":"","meta":{"footnotes":""},"class_list":["post-83","page","type-page","status-publish","hentry"],"_links":{"self":[{"href":"https:\/\/divevision.albinger.de\/index.php?rest_route=\/wp\/v2\/pages\/83","targetHints":{"allow":["GET"]}}],"collection":[{"href":"https:\/\/divevision.albinger.de\/index.php?rest_route=\/wp\/v2\/pages"}],"about":[{"href":"https:\/\/divevision.albinger.de\/index.php?rest_route=\/wp\/v2\/types\/page"}],"author":[{"embeddable":true,"href":"https:\/\/divevision.albinger.de\/index.php?rest_route=\/wp\/v2\/users\/1"}],"replies":[{"embeddable":true,"href":"https:\/\/divevision.albinger.de\/index.php?rest_route=%2Fwp%2Fv2%2Fcomments&post=83"}],"version-history":[{"count":0,"href":"https:\/\/divevision.albinger.de\/index.php?rest_route=\/wp\/v2\/pages\/83\/revisions"}],"up":[{"embeddable":true,"href":"https:\/\/divevision.albinger.de\/index.php?rest_route=\/wp\/v2\/pages\/75"}],"wp:attachment":[{"href":"https:\/\/divevision.albinger.de\/index.php?rest_route=%2Fwp%2Fv2%2Fmedia&parent=83"}],"curies":[{"name":"wp","href":"https:\/\/api.w.org\/{rel}","templated":true}]}}