{"id":89,"date":"2015-11-28T17:26:22","date_gmt":"2015-11-28T17:26:22","guid":{"rendered":"http:\/\/tauchsport-albinger.de\/?page_id=89"},"modified":"2015-11-28T17:26:22","modified_gmt":"2015-11-28T17:26:22","slug":"iac-tieftauchen","status":"publish","type":"page","link":"https:\/\/divevision.albinger.de\/?page_id=89","title":{"rendered":"IAC Tieftauchen"},"content":{"rendered":"<p>Hier werden Dir tiefergehende Kenntnisse bez\u00fcglich Ausr\u00fcstung, Tauchgangsplanung, Luftverbrauchsberechnung, Dekompressionsregeln vermittelt. Die Tauchg\u00e4nge finden in einer Tiefe zwischen 20-40m statt. Besonderer Wert wird auf die Gestaltung der Tauchprofile, Aufstiegsgeschwindigkeiten und Sicherheitsstopps gelegt. Es werden nur Nullzeit Tauchg\u00e4nge gemacht.<\/p>\n<p><a href=\"https:\/\/divevision.albinger.de\/wp-content\/uploads\/2015\/11\/Specialty-Diver.png\"><img loading=\"lazy\" decoding=\"async\" class=\"alignnone size-full wp-image-380\" src=\"https:\/\/divevision.albinger.de\/wp-content\/uploads\/2015\/11\/Specialty-Diver.png\" alt=\"Specialty-Diver\" width=\"210\" height=\"132\" \/><\/a><\/p>\n<div id=\"c321\" class=\"csc-default\">\n<p><u>Voraussetzungen:<\/u><br \/>\n14 Jahre, <a  data-e-Disable-Page-Transition=\"true\" class=\"download-link\" title=\"\" href=\"https:\/\/divevision.albinger.de?download=187&amp;tmstv=1776409505\" rel=\"nofollow\" id=\"download-link-187\" data-redirect=\"false\" >\n\tEquivalenzliste Sporttaucher\t(9996 Downloads\t)\n<\/a>\n, bei Minderj\u00e4hrigen Einverst\u00e4ndniserkl\u00e4rung der Elter, <a href=\"https:\/\/divevision.albinger.de\/?page_id=42\">CMAS *<\/a> oder<a  data-e-Disable-Page-Transition=\"true\" class=\"download-link\" title=\"\" href=\"https:\/\/divevision.albinger.de?download=193&amp;tmstv=1776409505\" rel=\"nofollow\" id=\"download-link-193\" data-redirect=\"false\" >\n\t\u00c4rztliche Untersuchung\t(11633 Downloads\t)\n<\/a>\n.<\/p>\n<p><b>Preis: 150.-\u20ac<\/b><\/p>\n<\/div>\n<p>&nbsp;<\/p>\n","protected":false},"excerpt":{"rendered":"<p>Hier werden Dir tiefergehende Kenntnisse bez\u00fcglich Ausr\u00fcstung, Tauchgangsplanung, Luftverbrauchsberechnung, Dekompressionsregeln vermittelt. Die Tauchg\u00e4nge finden in einer Tiefe zwischen 20-40m statt. Besonderer Wert wird auf die Gestaltung der Tauchprofile, Aufstiegsgeschwindigkeiten und Sicherheitsstopps gelegt. Es werden nur Nullzeit Tauchg\u00e4nge gemacht. Voraussetzungen: 14 <a class=\"more-link\" href=\"https:\/\/divevision.albinger.de\/?page_id=89\">Weiterlesen\u00a0\u2026<\/a><\/p>\n","protected":false},"author":1,"featured_media":0,"parent":75,"menu_order":0,"comment_status":"closed","ping_status":"closed","template":"","meta":{"footnotes":""},"class_list":["post-89","page","type-page","status-publish","hentry"],"_links":{"self":[{"href":"https:\/\/divevision.albinger.de\/index.php?rest_route=\/wp\/v2\/pages\/89","targetHints":{"allow":["GET"]}}],"collection":[{"href":"https:\/\/divevision.albinger.de\/index.php?rest_route=\/wp\/v2\/pages"}],"about":[{"href":"https:\/\/divevision.albinger.de\/index.php?rest_route=\/wp\/v2\/types\/page"}],"author":[{"embeddable":true,"href":"https:\/\/divevision.albinger.de\/index.php?rest_route=\/wp\/v2\/users\/1"}],"replies":[{"embeddable":true,"href":"https:\/\/divevision.albinger.de\/index.php?rest_route=%2Fwp%2Fv2%2Fcomments&post=89"}],"version-history":[{"count":0,"href":"https:\/\/divevision.albinger.de\/index.php?rest_route=\/wp\/v2\/pages\/89\/revisions"}],"up":[{"embeddable":true,"href":"https:\/\/divevision.albinger.de\/index.php?rest_route=\/wp\/v2\/pages\/75"}],"wp:attachment":[{"href":"https:\/\/divevision.albinger.de\/index.php?rest_route=%2Fwp%2Fv2%2Fmedia&parent=89"}],"curies":[{"name":"wp","href":"https:\/\/api.w.org\/{rel}","templated":true}]}}