{"id":91,"date":"2015-11-28T17:27:27","date_gmt":"2015-11-28T17:27:27","guid":{"rendered":"http:\/\/tauchsport-albinger.de\/?page_id=91"},"modified":"2015-11-28T17:27:27","modified_gmt":"2015-11-28T17:27:27","slug":"iac-trockentauchen","status":"publish","type":"page","link":"https:\/\/divevision.albinger.de\/?page_id=91","title":{"rendered":"IAC Trockentauchen"},"content":{"rendered":"<p>Der Kurs erkl\u00e4rt die Vorteile eines Trockentauchanzugs und die Besonderheiten dieser Art zu tauchen. Mit ein wenig Praxis wirst Du unter Anleitung schnell ein sicherer &#8222;Trockentaucher&#8220;.<\/p>\n<p>Wer in unseren Breitengraden tiefere Tauchg\u00e4nge machen, oder sein Hobby auch im Winter durchf\u00fchren will, kommt an einem Trockentauchanzug nicht vorbei.<\/p>\n<p><a href=\"https:\/\/divevision.albinger.de\/wp-content\/uploads\/2015\/11\/Specialty-Diver.png\"><img loading=\"lazy\" decoding=\"async\" class=\"alignnone size-full wp-image-380\" src=\"https:\/\/divevision.albinger.de\/wp-content\/uploads\/2015\/11\/Specialty-Diver.png\" alt=\"Specialty-Diver\" width=\"210\" height=\"132\" \/><\/a><\/p>\n<div id=\"c335\" class=\"csc-default\">\n<div class=\"csc-textpic-text\">\n<p><u>Voraussetzungen:<\/u><br \/>\n16 Jahre, bei Minderj\u00e4hrigen Einverst\u00e4ndniserkl\u00e4rung der Elter, <a  data-e-Disable-Page-Transition=\"true\" class=\"download-link\" title=\"\" href=\"https:\/\/divevision.albinger.de?download=187&amp;tmstv=1776409878\" rel=\"nofollow\" id=\"download-link-187\" data-redirect=\"false\" >\n\tEquivalenzliste Sporttaucher\t(9998 Downloads\t)\n<\/a>\n, <a href=\"https:\/\/divevision.albinger.de\/?page_id=42\">CMAS *<\/a> oder <a  data-e-Disable-Page-Transition=\"true\" class=\"download-link\" title=\"\" href=\"https:\/\/divevision.albinger.de?download=193&amp;tmstv=1776409878\" rel=\"nofollow\" id=\"download-link-193\" data-redirect=\"false\" >\n\t\u00c4rztliche Untersuchung\t(11634 Downloads\t)\n<\/a>\n.<\/p>\n<p><b>Preis: 150.-\u20ac<\/b><\/p>\n<h1>Warum Trockentauchen<\/h1>\n<p><a href=\"https:\/\/divevision.albinger.de\/wp-content\/uploads\/2015\/11\/Trockentaucher.jpg\"><img loading=\"lazy\" decoding=\"async\" class=\"alignnone size-medium wp-image-390\" src=\"https:\/\/divevision.albinger.de\/wp-content\/uploads\/2015\/11\/Trockentaucher-300x213.jpg\" alt=\"Trockentaucher\" width=\"300\" height=\"213\" \/><\/a><\/p>\n<div class=\"csc-textpic csc-textpic-intext-left\">\n<div class=\"csc-textpic-imagewrap\"><\/div>\n<div class=\"csc-textpic-text\">\n<p>Der K\u00e4lteschutz ist beim Tauchen in unseren Breitengraden eines der wichtigsten Themen. Selbst im Sommer sind die Grundzeiten eher aufgrund der K\u00e4lte als aufgrund der Decotabelle begrenzt. Unzureichender K\u00e4lteschutz birgt beim tauchen erhebliche gefahren (schlechtere Dekompression).<\/p>\n<p>Weiterhin sind die meisten Seen im Winter am sch\u00f6nsten. Aufgrund der K\u00e4lte geht die Algenbildung stark zur\u00fcck. Ordentlich angezogen und bei Sichtweiten bis 25m macht das Tauchen an einem sonnigen Wintertag so richtig Spa\u00df.<\/p>\n<p>Mit Nass, oder Halbtrockentauchanz\u00fcgen lassen sich Tauchg\u00e4nge tiefer wie 20m selbst im Sommer im Prinzip nicht angenehm durchf\u00fchren.<\/p>\n<p>Beim Kauf eines Trockentauchanzuges solltet Ihr unbedingt auf die richtige Passform achten. Mehr Informationen dar\u00fcber erhaltet ihr <a href=\"https:\/\/divevision.albinger.de\/?p=150\">in diesem Bericht<\/a><a class=\"internal-link\" href=\"http:\/\/192.168.10.20\/wordpress\/?p=262\">.<\/a><\/p>\n<\/div>\n<\/div>\n<\/div>\n<\/div>\n","protected":false},"excerpt":{"rendered":"<p>Der Kurs erkl\u00e4rt die Vorteile eines Trockentauchanzugs und die Besonderheiten dieser Art zu tauchen. Mit ein wenig Praxis wirst Du unter Anleitung schnell ein sicherer &#8222;Trockentaucher&#8220;. Wer in unseren Breitengraden tiefere Tauchg\u00e4nge machen, oder sein Hobby auch im Winter durchf\u00fchren <a class=\"more-link\" href=\"https:\/\/divevision.albinger.de\/?page_id=91\">Weiterlesen\u00a0\u2026<\/a><\/p>\n","protected":false},"author":1,"featured_media":0,"parent":75,"menu_order":0,"comment_status":"closed","ping_status":"closed","template":"","meta":{"footnotes":""},"class_list":["post-91","page","type-page","status-publish","hentry"],"_links":{"self":[{"href":"https:\/\/divevision.albinger.de\/index.php?rest_route=\/wp\/v2\/pages\/91","targetHints":{"allow":["GET"]}}],"collection":[{"href":"https:\/\/divevision.albinger.de\/index.php?rest_route=\/wp\/v2\/pages"}],"about":[{"href":"https:\/\/divevision.albinger.de\/index.php?rest_route=\/wp\/v2\/types\/page"}],"author":[{"embeddable":true,"href":"https:\/\/divevision.albinger.de\/index.php?rest_route=\/wp\/v2\/users\/1"}],"replies":[{"embeddable":true,"href":"https:\/\/divevision.albinger.de\/index.php?rest_route=%2Fwp%2Fv2%2Fcomments&post=91"}],"version-history":[{"count":0,"href":"https:\/\/divevision.albinger.de\/index.php?rest_route=\/wp\/v2\/pages\/91\/revisions"}],"up":[{"embeddable":true,"href":"https:\/\/divevision.albinger.de\/index.php?rest_route=\/wp\/v2\/pages\/75"}],"wp:attachment":[{"href":"https:\/\/divevision.albinger.de\/index.php?rest_route=%2Fwp%2Fv2%2Fmedia&parent=91"}],"curies":[{"name":"wp","href":"https:\/\/api.w.org\/{rel}","templated":true}]}}