{"id":95,"date":"2015-11-28T17:29:15","date_gmt":"2015-11-28T17:29:15","guid":{"rendered":"http:\/\/tauchsport-albinger.de\/?page_id=95"},"modified":"2015-11-28T17:29:15","modified_gmt":"2015-11-28T17:29:15","slug":"iac-eistauchen","status":"publish","type":"page","link":"https:\/\/divevision.albinger.de\/?page_id=95","title":{"rendered":"IAC Eistauchen"},"content":{"rendered":"<p>Diese Ausbildungsstufe verlangt vom Teilnehmer ein hohes Ma\u00df an Tauchfertigkeit, Disziplin, und k\u00f6rperliche Fitness, sowohl psychisch wie auch physisch. Eistauchen ist eine Faszination f\u00fcr Profis.<\/p>\n<p><a href=\"https:\/\/divevision.albinger.de\/wp-content\/uploads\/2015\/11\/Specialty-Diver.png\"><img loading=\"lazy\" decoding=\"async\" class=\"alignnone size-full wp-image-380\" src=\"https:\/\/divevision.albinger.de\/wp-content\/uploads\/2015\/11\/Specialty-Diver.png\" alt=\"Specialty-Diver\" width=\"210\" height=\"132\" \/><\/a><\/p>\n<p>Voraussetzungen:<\/p>\n<div class=\"content2\">\n<div class=\"content2-container line-box\">\n<div class=\"content2-container-1col\">\n<div class=\"content-txtbox-noshade\">\n<div id=\"c339\" class=\"csc-default\">\n<p>16 Jahre, bei Minderj\u00e4hrigen Einverst\u00e4ndniserkl\u00e4rung der Elter, <a  data-e-Disable-Page-Transition=\"true\" class=\"download-link\" title=\"\" href=\"https:\/\/divevision.albinger.de?download=187&amp;tmstv=1777040560\" rel=\"nofollow\" id=\"download-link-187\" data-redirect=\"false\" >\n\tEquivalenzliste Sporttaucher\t(10153 Downloads\t)\n<\/a>\n, <a href=\"https:\/\/divevision.albinger.de\/?page_id=44\">CMAS **<\/a> oder <a  data-e-Disable-Page-Transition=\"true\" class=\"download-link\" title=\"\" href=\"https:\/\/divevision.albinger.de?download=193&amp;tmstv=1777040560\" rel=\"nofollow\" id=\"download-link-193\" data-redirect=\"false\" >\n\t\u00c4rztliche Untersuchung\t(11827 Downloads\t)\n<\/a>\n.<\/p>\n<p><b>Preis: 150.-\u20ac<\/b><\/p>\n<\/div>\n<\/div>\n<\/div>\n<\/div>\n<\/div>\n","protected":false},"excerpt":{"rendered":"<p>Diese Ausbildungsstufe verlangt vom Teilnehmer ein hohes Ma\u00df an Tauchfertigkeit, Disziplin, und k\u00f6rperliche Fitness, sowohl psychisch wie auch physisch. Eistauchen ist eine Faszination f\u00fcr Profis. Voraussetzungen: 16 Jahre, bei Minderj\u00e4hrigen Einverst\u00e4ndniserkl\u00e4rung der Elter, , CMAS ** oder . Preis: 150.-\u20ac<\/p>\n","protected":false},"author":1,"featured_media":0,"parent":75,"menu_order":0,"comment_status":"closed","ping_status":"closed","template":"","meta":{"footnotes":""},"class_list":["post-95","page","type-page","status-publish","hentry"],"_links":{"self":[{"href":"https:\/\/divevision.albinger.de\/index.php?rest_route=\/wp\/v2\/pages\/95","targetHints":{"allow":["GET"]}}],"collection":[{"href":"https:\/\/divevision.albinger.de\/index.php?rest_route=\/wp\/v2\/pages"}],"about":[{"href":"https:\/\/divevision.albinger.de\/index.php?rest_route=\/wp\/v2\/types\/page"}],"author":[{"embeddable":true,"href":"https:\/\/divevision.albinger.de\/index.php?rest_route=\/wp\/v2\/users\/1"}],"replies":[{"embeddable":true,"href":"https:\/\/divevision.albinger.de\/index.php?rest_route=%2Fwp%2Fv2%2Fcomments&post=95"}],"version-history":[{"count":0,"href":"https:\/\/divevision.albinger.de\/index.php?rest_route=\/wp\/v2\/pages\/95\/revisions"}],"up":[{"embeddable":true,"href":"https:\/\/divevision.albinger.de\/index.php?rest_route=\/wp\/v2\/pages\/75"}],"wp:attachment":[{"href":"https:\/\/divevision.albinger.de\/index.php?rest_route=%2Fwp%2Fv2%2Fmedia&parent=95"}],"curies":[{"name":"wp","href":"https:\/\/api.w.org\/{rel}","templated":true}]}}